{"id":1589,"date":"2024-04-09T11:00:20","date_gmt":"2024-04-09T15:00:20","guid":{"rendered":"https:\/\/limoquebec.com\/?page_id=1589"},"modified":"2024-07-08T15:42:43","modified_gmt":"2024-07-08T19:42:43","slug":"airport-transfers","status":"publish","type":"page","link":"https:\/\/limoquebec.com\/en\/airport-transfers\/","title":{"rendered":"Airport transfers"},"content":{"rendered":"<p>[et_pb_section fb_built=&#8221;1&#8243; _builder_version=&#8221;4.24.3&#8243; _module_preset=&#8221;default&#8221; background_image=&#8221;https:\/\/limoquebec.com\/wp-content\/uploads\/2023\/11\/bg-limousine.webp&#8221; custom_padding=&#8221;85px||||false|false&#8221; saved_tabs=&#8221;all&#8221; global_colors_info=&#8221;{}&#8221;][et_pb_row _builder_version=&#8221;4.23.1&#8243; _module_preset=&#8221;default&#8221; global_colors_info=&#8221;{}&#8221;][et_pb_column type=&#8221;4_4&#8243; _builder_version=&#8221;4.23.1&#8243; _module_preset=&#8221;default&#8221; global_colors_info=&#8221;{}&#8221;][et_pb_text _builder_version=&#8221;4.24.3&#8243; _dynamic_attributes=&#8221;content&#8221; _module_preset=&#8221;default&#8221; text_text_color=&#8221;#FFFFFF&#8221; text_font_size=&#8221;13px&#8221; header_font=&#8221;|||on|||||&#8221; header_line_height=&#8221;1.3em&#8221; background_layout=&#8221;dark&#8221; global_colors_info=&#8221;{}&#8221;]@ET-DC@eyJkeW5hbWljIjp0cnVlLCJjb250ZW50IjoicG9zdF90aXRsZSIsInNldHRpbmdzIjp7ImJlZm9yZSI6IjxoMT4iLCJhZnRlciI6IjwvaDE+W3dwc2VvX2JyZWFkY3J1bWJdIn19@[\/et_pb_text][\/et_pb_column][\/et_pb_row][\/et_pb_section][et_pb_section fb_built=&#8221;1&#8243; _builder_version=&#8221;4.23.1&#8243; _module_preset=&#8221;default&#8221; custom_padding=&#8221;50px||50px||true|&#8221; global_colors_info=&#8221;{}&#8221;][et_pb_row column_structure=&#8221;1_2,1_2&#8243; use_custom_gutter=&#8221;on&#8221; gutter_width=&#8221;3&#8243; _builder_version=&#8221;4.24.3&#8243; _module_preset=&#8221;default&#8221; global_colors_info=&#8221;{}&#8221;][et_pb_column type=&#8221;1_2&#8243; _builder_version=&#8221;4.23.1&#8243; _module_preset=&#8221;default&#8221; global_colors_info=&#8221;{}&#8221;][et_pb_blurb image=&#8221;https:\/\/limoquebec.com\/wp-content\/uploads\/2024\/04\/icon-airport-noborder.webp&#8221; icon_placement=&#8221;left&#8221; image_icon_width=&#8221;70px&#8221; content_max_width=&#8221;100%&#8221; _builder_version=&#8221;4.24.3&#8243; _module_preset=&#8221;default&#8221; body_font=&#8221;|||on|||||&#8221; body_text_color=&#8221;#FF6C00&#8243; body_font_size=&#8221;22px&#8221; body_line_height=&#8221;3em&#8221; module_alignment=&#8221;left&#8221; custom_margin=&#8221;||10px||false|false&#8221; custom_padding=&#8221;||0px|0px|false|false&#8221; animation=&#8221;left&#8221; locked=&#8221;off&#8221; global_colors_info=&#8221;{}&#8221;]Airport<br \/>\n[\/et_pb_blurb][et_pb_text _builder_version=&#8221;4.24.3&#8243; _module_preset=&#8221;default&#8221; global_colors_info=&#8221;{}&#8221;]<\/p>\n<h2>Airport transfers<\/h2>\n<p>After or before a long day of traveling, count on Groupe Limo Qu\u00e9bec to transport you professionally and safely without hassle.<br \/>\nDon&#8217;t worry about haggling with local taxis or trying to find your Uber at the airport, with us you can give yourself peace of mind.<\/p>\n<p>At each transfer our limousine driver welcomes you inside the terminal with a poster bearing your name.<\/p>\n<p>Our drivers have excellent knowledge of Quebec City, do not hesitate to ask them for advice about your upcoming stay, they are there for you! Our drivers are French speaking but do very well in English.<\/p>\n<p>For all transportation from airports, we <strong>include 60 minutes of waiting time<\/strong> free of charge once your flight has landed. This gives you plenty of time to collect your luggage and clear customs if necessary.<\/p>\n<p>Don&#8217;t worry, we track all incoming flights with flight trackers and so if your flight is late to its scheduled arrival time or if it arrives early, we will be informed and your driver will be there at the time your plane lands.<br \/>\n[\/et_pb_text][\/et_pb_column][et_pb_column type=&#8221;1_2&#8243; _builder_version=&#8221;4.23.1&#8243; _module_preset=&#8221;default&#8221; global_colors_info=&#8221;{}&#8221;][et_pb_image src=&#8221;https:\/\/limoquebec.com\/wp-content\/uploads\/2024\/04\/Limousine-et-avion-en-vol.webp&#8221; _builder_version=&#8221;4.24.3&#8243; _module_preset=&#8221;default&#8221; global_colors_info=&#8221;{}&#8221;][\/et_pb_image][et_pb_image src=&#8221;https:\/\/limoquebec.com\/wp-content\/uploads\/2024\/04\/photo-aeroport-antonov-e1713383816310.webp&#8221; _builder_version=&#8221;4.24.3&#8243; _module_preset=&#8221;default&#8221; global_colors_info=&#8221;{}&#8221;][\/et_pb_image][\/et_pb_column][\/et_pb_row][et_pb_row _builder_version=&#8221;4.23.1&#8243; _module_preset=&#8221;default&#8221; global_colors_info=&#8221;{}&#8221;][et_pb_column type=&#8221;4_4&#8243; _builder_version=&#8221;4.23.1&#8243; _module_preset=&#8221;default&#8221; global_colors_info=&#8221;{}&#8221;][et_pb_text _builder_version=&#8221;4.24.3&#8243; _module_preset=&#8221;default&#8221; global_colors_info=&#8221;{}&#8221;]<\/p>\n<h3>Arrival at YQB (Quebec City Jean-Lesage International Airport)<\/h3>\n<p><strong>Domestic Arrival<\/strong>: If you are arriving from a flight from Canada, you will arrive on the domestic arrivals side of YQB. Your limousine driver will be waiting for you outside the baggage carousels with a sign with your name on it. Your vehicle will be parked just a few steps away, in the domestic arrivals limousine parking lot. Groupe Limo Qu\u00e9bec has parking spaces at the domestic arrivals gate, so you will hardly need to walk and you will board your vehicle.<\/p>\n<p><strong>International Arrival<\/strong>: If you are arriving from an international flight, you will arrive at the international arrivals side of YQB. Your driver will wait for you outside customs with a poster with your name on it. Your limousine will be parked just a few steps away, in the international arrivals limousine parking lot. Groupe Limo Qu\u00e9bec has parking spaces at the international arrivals gate, so you will hardly need to walk and you will board your vehicle<\/p>\n<p>[\/et_pb_text][et_pb_button button_url=&#8221;@ET-DC@eyJkeW5hbWljIjp0cnVlLCJjb250ZW50IjoicG9zdF9saW5rX3VybF9wYWdlIiwic2V0dGluZ3MiOnsicG9zdF9pZCI6IjE1OTIifX0=@&#8221; button_text=&#8221;Rate request&#8221; _builder_version=&#8221;4.24.3&#8243; _dynamic_attributes=&#8221;button_url&#8221; _module_preset=&#8221;default&#8221; global_module=&#8221;1674&#8243; saved_tabs=&#8221;all&#8221; locked=&#8221;off&#8221; global_colors_info=&#8221;{}&#8221;][\/et_pb_button][\/et_pb_column][\/et_pb_row][\/et_pb_section]<\/p>\n","protected":false},"excerpt":{"rendered":"<p>Airport Airport transfers After or before a long day of traveling, count on Groupe Limo Qu\u00e9bec to transport you professionally and safely without hassle. Don&#8217;t worry about haggling with local taxis or trying to find your Uber at the airport, with us you can give yourself peace of mind. At each transfer our limousine driver [&hellip;]<\/p>\n","protected":false},"author":1,"featured_media":0,"parent":0,"menu_order":30,"comment_status":"closed","ping_status":"closed","template":"","meta":{"_et_pb_use_builder":"on","_et_pb_old_content":"<p>[et_pb_section fb_built=\"1\" _builder_version=\"4.24.3\" _module_preset=\"default\" background_image=\"https:\/\/limoquebec.com\/wp-content\/uploads\/2023\/11\/bg-limousine.webp\" custom_padding=\"85px||||false|false\" global_module=\"1137\" saved_tabs=\"all\" global_colors_info=\"{}\"][et_pb_row _builder_version=\"4.23.1\" _module_preset=\"default\" global_colors_info=\"{}\"][et_pb_column type=\"4_4\" _builder_version=\"4.23.1\" _module_preset=\"default\" global_colors_info=\"{}\"][et_pb_text _builder_version=\"4.24.3\" _dynamic_attributes=\"content\" _module_preset=\"default\" text_text_color=\"#FFFFFF\" text_font_size=\"13px\" header_font=\"|||on|||||\" header_line_height=\"1.3em\" background_layout=\"dark\" global_colors_info=\"{}\"]@ET-DC@eyJkeW5hbWljIjp0cnVlLCJjb250ZW50IjoicG9zdF90aXRsZSIsInNldHRpbmdzIjp7ImJlZm9yZSI6IjxoMT4iLCJhZnRlciI6IjwvaDE+W3dwc2VvX2JyZWFkY3J1bWJdIn19@[\/et_pb_text][\/et_pb_column][\/et_pb_row][\/et_pb_section][et_pb_section fb_built=\"1\" _builder_version=\"4.23.1\" _module_preset=\"default\" custom_padding=\"50px||50px||true|\" global_colors_info=\"{}\"][et_pb_row column_structure=\"1_2,1_2\" use_custom_gutter=\"on\" gutter_width=\"3\" _builder_version=\"4.24.3\" _module_preset=\"default\" global_colors_info=\"{}\"][et_pb_column type=\"1_2\" _builder_version=\"4.23.1\" _module_preset=\"default\" global_colors_info=\"{}\"][et_pb_blurb image=\"https:\/\/limoquebec.com\/wp-content\/uploads\/2024\/04\/icon-airport-noborder.webp\" alt=\"\" icon_placement=\"left\" image_icon_width=\"70px\" content_max_width=\"100%\" _builder_version=\"4.24.3\" _module_preset=\"default\" body_font=\"|||on|||||\" body_text_color=\"#FF6C00\" body_font_size=\"22px\" body_line_height=\"3em\" module_alignment=\"left\" custom_margin=\"||10px||false|false\" custom_padding=\"||0px|0px|false|false\" animation=\"left\" locked=\"off\" global_colors_info=\"{}\"]<\/p><p>Airport<\/p><p>[\/et_pb_blurb][et_pb_text _builder_version=\"4.24.3\" _module_preset=\"default\" global_colors_info=\"{}\"]<\/p><h2>Airport transfers<\/h2><p>After or before a long day of traveling, count on Groupe Limo Qu\u00e9bec to transport you professionally and safely without hassle.<br \/>Don't worry about haggling with local taxis or trying to find your Uber at the airport, with us you can give yourself peace of mind.<\/p><p>At each transfer our limousine driver welcomes you inside the terminal with a poster bearing your name.<\/p><p>Our drivers have excellent knowledge of Quebec City, do not hesitate to ask them for advice about your upcoming stay, they are there for you! Our drivers are French speaking but do very well in English.<\/p><p>For all transportation from airports, we <strong>include 60 minutes of waiting time<\/strong> free of charge once your flight has landed. This gives you plenty of time to collect your luggage and clear customs if necessary.<\/p><p>Don't worry, we track all incoming flights with flight trackers and so if your flight is late to its scheduled arrival time or if it arrives early, we will be informed and your driver will be there at the time your plane lands.<\/p><p>[\/et_pb_text][\/et_pb_column][et_pb_column type=\"1_2\" _builder_version=\"4.23.1\" _module_preset=\"default\" global_colors_info=\"{}\"][et_pb_image src=\"https:\/\/limoquebec.com\/wp-content\/uploads\/2024\/04\/Limousine-et-avion-en-vol.webp\" _builder_version=\"4.24.3\" _module_preset=\"default\" global_colors_info=\"{}\"][\/et_pb_image][et_pb_image src=\"https:\/\/limoquebec.com\/wp-content\/uploads\/2024\/04\/photo-aeroport-antonov-e1713383816310.webp\" _builder_version=\"4.24.3\" _module_preset=\"default\" global_colors_info=\"{}\"][\/et_pb_image][\/et_pb_column][\/et_pb_row][et_pb_row _builder_version=\"4.23.1\" _module_preset=\"default\" global_colors_info=\"{}\"][et_pb_column type=\"4_4\" _builder_version=\"4.23.1\" _module_preset=\"default\" global_colors_info=\"{}\"][et_pb_text _builder_version=\"4.24.3\" _module_preset=\"default\" global_colors_info=\"{}\"]<\/p><h3>Arrival at YQB (Quebec City Jean-Lesage International Airport)<\/h3><p><strong>Domestic Arrival<\/strong>: If you are arriving from a flight from Canada, you will arrive on the domestic arrivals side of YQB. Your limousine driver will be waiting for you outside the baggage carousels with a sign with your name on it. Your vehicle will be parked just a few steps away, in the domestic arrivals limousine parking lot. Groupe Limo Qu\u00e9bec has parking spaces at the domestic arrivals gate, so you will hardly need to walk and you will board your vehicle.<\/p><p><strong>International Arrival<\/strong>: If you are arriving from an international flight, you will arrive at the international arrivals side of YQB. Your driver will wait for you outside customs with a poster with your name on it. Your limousine will be parked just a few steps away, in the international arrivals limousine parking lot. Groupe Limo Qu\u00e9bec has parking spaces at the international arrivals gate, so you will hardly need to walk and you will board your vehicle<\/p><p>[\/et_pb_text][et_pb_button button_text=\"Rate request\" _builder_version=\"4.24.3\" _module_preset=\"default\" hover_enabled=\"0\" global_colors_info=\"{}\" global_module=\"1368\" saved_tabs=\"all\" button_url=\"@ET-DC@eyJkeW5hbWljIjp0cnVlLCJjb250ZW50IjoicG9zdF9saW5rX3VybF9wYWdlIiwic2V0dGluZ3MiOnsicG9zdF9pZCI6IjEzMzUifX0=@\" _dynamic_attributes=\"button_url\" sticky_enabled=\"0\"][\/et_pb_button][\/et_pb_column][\/et_pb_row][\/et_pb_section]<\/p>","_et_gb_content_width":"","footnotes":""},"class_list":["post-1589","page","type-page","status-publish","hentry"],"yoast_head":"<!-- This site is optimized with the Yoast SEO plugin v27.5 - https:\/\/yoast.com\/product\/yoast-seo-wordpress\/ -->\n<title>AIRPORT TRANSFER QUEBEC - Quebec Airport Transportation<\/title>\n<meta name=\"description\" content=\"Limo Quebec offers an airport transfer service by limousine to or from the airport of Quebec. For an irreproachable and reliable service, please contact us.\" \/>\n<meta name=\"robots\" content=\"index, follow, max-snippet:-1, max-image-preview:large, max-video-preview:-1\" \/>\n<link rel=\"canonical\" href=\"https:\/\/limoquebec.com\/en\/airport-transfers\/\" \/>\n<meta property=\"og:locale\" content=\"en_US\" \/>\n<meta property=\"og:type\" content=\"article\" \/>\n<meta property=\"og:title\" content=\"AIRPORT TRANSFER QUEBEC - Quebec Airport Transportation\" \/>\n<meta property=\"og:description\" content=\"Limo Quebec offers an airport transfer service by limousine to or from the airport of Quebec. For an irreproachable and reliable service, please contact us.\" \/>\n<meta property=\"og:url\" content=\"https:\/\/limoquebec.com\/en\/airport-transfers\/\" \/>\n<meta property=\"og:site_name\" content=\"LIMOUSINE QU\u00c9BEC\" \/>\n<meta property=\"article:modified_time\" content=\"2024-07-08T19:42:43+00:00\" \/>\n<meta name=\"twitter:card\" content=\"summary_large_image\" \/>\n<meta name=\"twitter:label1\" content=\"Est. reading time\" \/>\n\t<meta name=\"twitter:data1\" content=\"3 minutes\" \/>\n<script type=\"application\/ld+json\" class=\"yoast-schema-graph\">{\"@context\":\"https:\\\/\\\/schema.org\",\"@graph\":[{\"@type\":\"WebPage\",\"@id\":\"https:\\\/\\\/limoquebec.com\\\/en\\\/airport-transfers\\\/\",\"url\":\"https:\\\/\\\/limoquebec.com\\\/en\\\/airport-transfers\\\/\",\"name\":\"AIRPORT TRANSFER QUEBEC - Quebec Airport Transportation\",\"isPartOf\":{\"@id\":\"https:\\\/\\\/limoquebec.com\\\/en\\\/#website\"},\"datePublished\":\"2024-04-09T15:00:20+00:00\",\"dateModified\":\"2024-07-08T19:42:43+00:00\",\"description\":\"Limo Quebec offers an airport transfer service by limousine to or from the airport of Quebec. For an irreproachable and reliable service, please contact us.\",\"breadcrumb\":{\"@id\":\"https:\\\/\\\/limoquebec.com\\\/en\\\/airport-transfers\\\/#breadcrumb\"},\"inLanguage\":\"en-US\",\"potentialAction\":[{\"@type\":\"ReadAction\",\"target\":[\"https:\\\/\\\/limoquebec.com\\\/en\\\/airport-transfers\\\/\"]}]},{\"@type\":\"BreadcrumbList\",\"@id\":\"https:\\\/\\\/limoquebec.com\\\/en\\\/airport-transfers\\\/#breadcrumb\",\"itemListElement\":[{\"@type\":\"ListItem\",\"position\":1,\"name\":\"Limousine Qu\u00e9bec\",\"item\":\"https:\\\/\\\/limoquebec.com\\\/en\\\/\"},{\"@type\":\"ListItem\",\"position\":2,\"name\":\"Airport transfers\"}]},{\"@type\":\"WebSite\",\"@id\":\"https:\\\/\\\/limoquebec.com\\\/en\\\/#website\",\"url\":\"https:\\\/\\\/limoquebec.com\\\/en\\\/\",\"name\":\"LIMOUSINE QU\u00c9BEC\",\"description\":\"Service de location de limousines \u00e0 Qu\u00e9bec\",\"potentialAction\":[{\"@type\":\"SearchAction\",\"target\":{\"@type\":\"EntryPoint\",\"urlTemplate\":\"https:\\\/\\\/limoquebec.com\\\/en\\\/?s={search_term_string}\"},\"query-input\":{\"@type\":\"PropertyValueSpecification\",\"valueRequired\":true,\"valueName\":\"search_term_string\"}}],\"inLanguage\":\"en-US\"}]}<\/script>\n<!-- \/ Yoast SEO plugin. -->","yoast_head_json":{"title":"AIRPORT TRANSFER QUEBEC - Quebec Airport Transportation","description":"Limo Quebec offers an airport transfer service by limousine to or from the airport of Quebec. For an irreproachable and reliable service, please contact us.","robots":{"index":"index","follow":"follow","max-snippet":"max-snippet:-1","max-image-preview":"max-image-preview:large","max-video-preview":"max-video-preview:-1"},"canonical":"https:\/\/limoquebec.com\/en\/airport-transfers\/","og_locale":"en_US","og_type":"article","og_title":"AIRPORT TRANSFER QUEBEC - Quebec Airport Transportation","og_description":"Limo Quebec offers an airport transfer service by limousine to or from the airport of Quebec. For an irreproachable and reliable service, please contact us.","og_url":"https:\/\/limoquebec.com\/en\/airport-transfers\/","og_site_name":"LIMOUSINE QU\u00c9BEC","article_modified_time":"2024-07-08T19:42:43+00:00","twitter_card":"summary_large_image","twitter_misc":{"Est. reading time":"3 minutes"},"schema":{"@context":"https:\/\/schema.org","@graph":[{"@type":"WebPage","@id":"https:\/\/limoquebec.com\/en\/airport-transfers\/","url":"https:\/\/limoquebec.com\/en\/airport-transfers\/","name":"AIRPORT TRANSFER QUEBEC - Quebec Airport Transportation","isPartOf":{"@id":"https:\/\/limoquebec.com\/en\/#website"},"datePublished":"2024-04-09T15:00:20+00:00","dateModified":"2024-07-08T19:42:43+00:00","description":"Limo Quebec offers an airport transfer service by limousine to or from the airport of Quebec. For an irreproachable and reliable service, please contact us.","breadcrumb":{"@id":"https:\/\/limoquebec.com\/en\/airport-transfers\/#breadcrumb"},"inLanguage":"en-US","potentialAction":[{"@type":"ReadAction","target":["https:\/\/limoquebec.com\/en\/airport-transfers\/"]}]},{"@type":"BreadcrumbList","@id":"https:\/\/limoquebec.com\/en\/airport-transfers\/#breadcrumb","itemListElement":[{"@type":"ListItem","position":1,"name":"Limousine Qu\u00e9bec","item":"https:\/\/limoquebec.com\/en\/"},{"@type":"ListItem","position":2,"name":"Airport transfers"}]},{"@type":"WebSite","@id":"https:\/\/limoquebec.com\/en\/#website","url":"https:\/\/limoquebec.com\/en\/","name":"LIMOUSINE QU\u00c9BEC","description":"Service de location de limousines \u00e0 Qu\u00e9bec","potentialAction":[{"@type":"SearchAction","target":{"@type":"EntryPoint","urlTemplate":"https:\/\/limoquebec.com\/en\/?s={search_term_string}"},"query-input":{"@type":"PropertyValueSpecification","valueRequired":true,"valueName":"search_term_string"}}],"inLanguage":"en-US"}]}},"_links":{"self":[{"href":"https:\/\/limoquebec.com\/en\/wp-json\/wp\/v2\/pages\/1589","targetHints":{"allow":["GET"]}}],"collection":[{"href":"https:\/\/limoquebec.com\/en\/wp-json\/wp\/v2\/pages"}],"about":[{"href":"https:\/\/limoquebec.com\/en\/wp-json\/wp\/v2\/types\/page"}],"author":[{"embeddable":true,"href":"https:\/\/limoquebec.com\/en\/wp-json\/wp\/v2\/users\/1"}],"replies":[{"embeddable":true,"href":"https:\/\/limoquebec.com\/en\/wp-json\/wp\/v2\/comments?post=1589"}],"version-history":[{"count":5,"href":"https:\/\/limoquebec.com\/en\/wp-json\/wp\/v2\/pages\/1589\/revisions"}],"predecessor-version":[{"id":1779,"href":"https:\/\/limoquebec.com\/en\/wp-json\/wp\/v2\/pages\/1589\/revisions\/1779"}],"wp:attachment":[{"href":"https:\/\/limoquebec.com\/en\/wp-json\/wp\/v2\/media?parent=1589"}],"curies":[{"name":"wp","href":"https:\/\/api.w.org\/{rel}","templated":true}]}}