{"id":1599,"date":"2024-04-09T15:59:20","date_gmt":"2024-04-09T19:59:20","guid":{"rendered":"https:\/\/limoquebec.com\/?page_id=1599"},"modified":"2024-07-08T15:47:06","modified_gmt":"2024-07-08T19:47:06","slug":"train-station-transfers","status":"publish","type":"page","link":"https:\/\/limoquebec.com\/en\/train-station-transfers\/","title":{"rendered":"Train station transfers"},"content":{"rendered":"<p>[et_pb_section fb_built=&#8221;1&#8243; _builder_version=&#8221;4.24.3&#8243; _module_preset=&#8221;default&#8221; background_image=&#8221;https:\/\/limoquebec.com\/wp-content\/uploads\/2023\/11\/bg-limousine.webp&#8221; custom_padding=&#8221;85px||||false|false&#8221; saved_tabs=&#8221;all&#8221; global_colors_info=&#8221;{}&#8221;][et_pb_row _builder_version=&#8221;4.23.1&#8243; _module_preset=&#8221;default&#8221; global_colors_info=&#8221;{}&#8221;][et_pb_column type=&#8221;4_4&#8243; _builder_version=&#8221;4.23.1&#8243; _module_preset=&#8221;default&#8221; global_colors_info=&#8221;{}&#8221;][et_pb_text _builder_version=&#8221;4.24.3&#8243; _dynamic_attributes=&#8221;content&#8221; _module_preset=&#8221;default&#8221; text_text_color=&#8221;#FFFFFF&#8221; text_font_size=&#8221;13px&#8221; header_font=&#8221;|||on|||||&#8221; header_line_height=&#8221;1.3em&#8221; background_layout=&#8221;dark&#8221; global_colors_info=&#8221;{}&#8221;]@ET-DC@eyJkeW5hbWljIjp0cnVlLCJjb250ZW50IjoicG9zdF90aXRsZSIsInNldHRpbmdzIjp7ImJlZm9yZSI6IjxoMT4iLCJhZnRlciI6IjwvaDE+W3dwc2VvX2JyZWFkY3J1bWJdIn19@[\/et_pb_text][\/et_pb_column][\/et_pb_row][\/et_pb_section][et_pb_section fb_built=&#8221;1&#8243; _builder_version=&#8221;4.23.1&#8243; _module_preset=&#8221;default&#8221; custom_padding=&#8221;50px||50px||true|&#8221; global_colors_info=&#8221;{}&#8221;][et_pb_row column_structure=&#8221;1_2,1_2&#8243; use_custom_gutter=&#8221;on&#8221; gutter_width=&#8221;3&#8243; _builder_version=&#8221;4.24.3&#8243; _module_preset=&#8221;default&#8221; global_colors_info=&#8221;{}&#8221;][et_pb_column type=&#8221;1_2&#8243; _builder_version=&#8221;4.23.1&#8243; _module_preset=&#8221;default&#8221; global_colors_info=&#8221;{}&#8221;][et_pb_blurb image=&#8221;https:\/\/limoquebec.com\/wp-content\/uploads\/2024\/04\/icon-train-noborder.webp&#8221; icon_placement=&#8221;left&#8221; image_icon_width=&#8221;70px&#8221; content_max_width=&#8221;100%&#8221; _builder_version=&#8221;4.24.3&#8243; _module_preset=&#8221;default&#8221; body_font=&#8221;|||on|||||&#8221; body_text_color=&#8221;#FF6C00&#8243; body_font_size=&#8221;22px&#8221; body_line_height=&#8221;3em&#8221; module_alignment=&#8221;left&#8221; custom_margin=&#8221;||10px||false|false&#8221; custom_padding=&#8221;||0px||false|false&#8221; animation=&#8221;left&#8221; global_colors_info=&#8221;{}&#8221;]Train station<br \/>\n[\/et_pb_blurb][et_pb_text _builder_version=&#8221;4.24.3&#8243; _module_preset=&#8221;default&#8221; global_colors_info=&#8221;{}&#8221;]<\/p>\n<h2>Train station transfers<\/h2>\n<p>Nothing is more pleasant than traveling by train in Canada. This allows you to appreciate unique landscapes and is a relaxing way to travel.<\/p>\n<p>For all arrivals by train and so that you can easily transfer from the station by limousine, we include 30 minutes of waiting free of charge after the arrival of the train. So, you can get off the train without rushing and collect your suitcases.<\/p>\n<p>Is your train late? Don&#8217;t worry, we will track train arrivals in real time and we will be there when the train arrives to make your limousine transfer.<\/p>\n<p>Our limousine drivers have excellent knowledge of Quebec City, do not hesitate to ask them for advice about your upcoming stay, they are there for you! Our drivers are French speaking but do very well in English.<\/p>\n<p><strong>Arriving at the VIA Rail station<\/strong>: If you are arriving in Qu\u00e9bec by train with VIA Rail, please make sure you provide us with the correct train station. In Qu\u00e9bec, there are two train stations, Ste-Foy station ( 3255 Chemin de la Gare, Qu\u00e9bec, QC G1W 3A8) and Gare du Palais (450 Rue de la Gare-du-Palais, Qu\u00e9bec, QC G1K 3X2). The latter is the most used by tourists, since it is in the heart of Old Quebec.<\/p>\n<p>No matter which station you arrive at, your Groupe Limo Qu\u00e9bec driver will be waiting for you at the station arrivals with a poster bearing your name. Just make sure you give us the correct station and exit the train at that station.<br \/>\n[\/et_pb_text][et_pb_button button_url=&#8221;@ET-DC@eyJkeW5hbWljIjp0cnVlLCJjb250ZW50IjoicG9zdF9saW5rX3VybF9wYWdlIiwic2V0dGluZ3MiOnsicG9zdF9pZCI6IjEzMzUifX0=@&#8221; button_text=&#8221;Rate request&#8221; _builder_version=&#8221;4.24.3&#8243; _dynamic_attributes=&#8221;button_url&#8221; _module_preset=&#8221;default&#8221; saved_tabs=&#8221;all&#8221; global_colors_info=&#8221;{}&#8221;][\/et_pb_button][\/et_pb_column][et_pb_column type=&#8221;1_2&#8243; _builder_version=&#8221;4.23.1&#8243; _module_preset=&#8221;default&#8221; global_colors_info=&#8221;{}&#8221;][et_pb_image src=&#8221;https:\/\/limoquebec.com\/wp-content\/uploads\/2024\/05\/Gare-du-Palais-de-Quebec.webp&#8221; _builder_version=&#8221;4.24.3&#8243; _module_preset=&#8221;default&#8221; global_colors_info=&#8221;{}&#8221;][\/et_pb_image][\/et_pb_column][\/et_pb_row][\/et_pb_section]<\/p>\n","protected":false},"excerpt":{"rendered":"<p>Train station Train station transfers Nothing is more pleasant than traveling by train in Canada. This allows you to appreciate unique landscapes and is a relaxing way to travel. For all arrivals by train and so that you can easily transfer from the station by limousine, we include 30 minutes of waiting free of charge [&hellip;]<\/p>\n","protected":false},"author":1,"featured_media":0,"parent":0,"menu_order":40,"comment_status":"closed","ping_status":"closed","template":"","meta":{"_et_pb_use_builder":"on","_et_pb_old_content":"","_et_gb_content_width":"","footnotes":""},"class_list":["post-1599","page","type-page","status-publish","hentry"],"yoast_head":"<!-- This site is optimized with the Yoast SEO plugin v27.4 - https:\/\/yoast.com\/product\/yoast-seo-wordpress\/ -->\n<title>Train Station Transfer - Limousine Transfer to the Train Station<\/title>\n<meta name=\"description\" content=\"Limo Qu\u00e9bec offers you a transfer service from the train station by limousine to or from Gare du Palais of Quebec. Impeccable service\" \/>\n<meta name=\"robots\" content=\"index, follow, max-snippet:-1, max-image-preview:large, max-video-preview:-1\" \/>\n<link rel=\"canonical\" href=\"https:\/\/limoquebec.com\/en\/train-station-transfers\/\" \/>\n<meta property=\"og:locale\" content=\"en_US\" \/>\n<meta property=\"og:type\" content=\"article\" \/>\n<meta property=\"og:title\" content=\"Train Station Transfer - Limousine Transfer to the Train Station\" \/>\n<meta property=\"og:description\" content=\"Limo Qu\u00e9bec offers you a transfer service from the train station by limousine to or from Gare du Palais of Quebec. Impeccable service\" \/>\n<meta property=\"og:url\" content=\"https:\/\/limoquebec.com\/en\/train-station-transfers\/\" \/>\n<meta property=\"og:site_name\" content=\"LIMOUSINE QU\u00c9BEC\" \/>\n<meta property=\"article:modified_time\" content=\"2024-07-08T19:47:06+00:00\" \/>\n<meta name=\"twitter:card\" content=\"summary_large_image\" \/>\n<meta name=\"twitter:label1\" content=\"Est. reading time\" \/>\n\t<meta name=\"twitter:data1\" content=\"2 minutes\" \/>\n<script type=\"application\/ld+json\" class=\"yoast-schema-graph\">{\"@context\":\"https:\\\/\\\/schema.org\",\"@graph\":[{\"@type\":\"WebPage\",\"@id\":\"https:\\\/\\\/limoquebec.com\\\/en\\\/train-station-transfers\\\/\",\"url\":\"https:\\\/\\\/limoquebec.com\\\/en\\\/train-station-transfers\\\/\",\"name\":\"Train Station Transfer - Limousine Transfer to the Train Station\",\"isPartOf\":{\"@id\":\"https:\\\/\\\/limoquebec.com\\\/en\\\/#website\"},\"datePublished\":\"2024-04-09T19:59:20+00:00\",\"dateModified\":\"2024-07-08T19:47:06+00:00\",\"description\":\"Limo Qu\u00e9bec offers you a transfer service from the train station by limousine to or from Gare du Palais of Quebec. Impeccable service\",\"breadcrumb\":{\"@id\":\"https:\\\/\\\/limoquebec.com\\\/en\\\/train-station-transfers\\\/#breadcrumb\"},\"inLanguage\":\"en-US\",\"potentialAction\":[{\"@type\":\"ReadAction\",\"target\":[\"https:\\\/\\\/limoquebec.com\\\/en\\\/train-station-transfers\\\/\"]}]},{\"@type\":\"BreadcrumbList\",\"@id\":\"https:\\\/\\\/limoquebec.com\\\/en\\\/train-station-transfers\\\/#breadcrumb\",\"itemListElement\":[{\"@type\":\"ListItem\",\"position\":1,\"name\":\"Limousine Qu\u00e9bec\",\"item\":\"https:\\\/\\\/limoquebec.com\\\/en\\\/\"},{\"@type\":\"ListItem\",\"position\":2,\"name\":\"Train station transfers\"}]},{\"@type\":\"WebSite\",\"@id\":\"https:\\\/\\\/limoquebec.com\\\/en\\\/#website\",\"url\":\"https:\\\/\\\/limoquebec.com\\\/en\\\/\",\"name\":\"LIMOUSINE QU\u00c9BEC\",\"description\":\"Service de location de limousines \u00e0 Qu\u00e9bec\",\"potentialAction\":[{\"@type\":\"SearchAction\",\"target\":{\"@type\":\"EntryPoint\",\"urlTemplate\":\"https:\\\/\\\/limoquebec.com\\\/en\\\/?s={search_term_string}\"},\"query-input\":{\"@type\":\"PropertyValueSpecification\",\"valueRequired\":true,\"valueName\":\"search_term_string\"}}],\"inLanguage\":\"en-US\"}]}<\/script>\n<!-- \/ Yoast SEO plugin. -->","yoast_head_json":{"title":"Train Station Transfer - Limousine Transfer to the Train Station","description":"Limo Qu\u00e9bec offers you a transfer service from the train station by limousine to or from Gare du Palais of Quebec. Impeccable service","robots":{"index":"index","follow":"follow","max-snippet":"max-snippet:-1","max-image-preview":"max-image-preview:large","max-video-preview":"max-video-preview:-1"},"canonical":"https:\/\/limoquebec.com\/en\/train-station-transfers\/","og_locale":"en_US","og_type":"article","og_title":"Train Station Transfer - Limousine Transfer to the Train Station","og_description":"Limo Qu\u00e9bec offers you a transfer service from the train station by limousine to or from Gare du Palais of Quebec. Impeccable service","og_url":"https:\/\/limoquebec.com\/en\/train-station-transfers\/","og_site_name":"LIMOUSINE QU\u00c9BEC","article_modified_time":"2024-07-08T19:47:06+00:00","twitter_card":"summary_large_image","twitter_misc":{"Est. reading time":"2 minutes"},"schema":{"@context":"https:\/\/schema.org","@graph":[{"@type":"WebPage","@id":"https:\/\/limoquebec.com\/en\/train-station-transfers\/","url":"https:\/\/limoquebec.com\/en\/train-station-transfers\/","name":"Train Station Transfer - Limousine Transfer to the Train Station","isPartOf":{"@id":"https:\/\/limoquebec.com\/en\/#website"},"datePublished":"2024-04-09T19:59:20+00:00","dateModified":"2024-07-08T19:47:06+00:00","description":"Limo Qu\u00e9bec offers you a transfer service from the train station by limousine to or from Gare du Palais of Quebec. Impeccable service","breadcrumb":{"@id":"https:\/\/limoquebec.com\/en\/train-station-transfers\/#breadcrumb"},"inLanguage":"en-US","potentialAction":[{"@type":"ReadAction","target":["https:\/\/limoquebec.com\/en\/train-station-transfers\/"]}]},{"@type":"BreadcrumbList","@id":"https:\/\/limoquebec.com\/en\/train-station-transfers\/#breadcrumb","itemListElement":[{"@type":"ListItem","position":1,"name":"Limousine Qu\u00e9bec","item":"https:\/\/limoquebec.com\/en\/"},{"@type":"ListItem","position":2,"name":"Train station transfers"}]},{"@type":"WebSite","@id":"https:\/\/limoquebec.com\/en\/#website","url":"https:\/\/limoquebec.com\/en\/","name":"LIMOUSINE QU\u00c9BEC","description":"Service de location de limousines \u00e0 Qu\u00e9bec","potentialAction":[{"@type":"SearchAction","target":{"@type":"EntryPoint","urlTemplate":"https:\/\/limoquebec.com\/en\/?s={search_term_string}"},"query-input":{"@type":"PropertyValueSpecification","valueRequired":true,"valueName":"search_term_string"}}],"inLanguage":"en-US"}]}},"_links":{"self":[{"href":"https:\/\/limoquebec.com\/en\/wp-json\/wp\/v2\/pages\/1599","targetHints":{"allow":["GET"]}}],"collection":[{"href":"https:\/\/limoquebec.com\/en\/wp-json\/wp\/v2\/pages"}],"about":[{"href":"https:\/\/limoquebec.com\/en\/wp-json\/wp\/v2\/types\/page"}],"author":[{"embeddable":true,"href":"https:\/\/limoquebec.com\/en\/wp-json\/wp\/v2\/users\/1"}],"replies":[{"embeddable":true,"href":"https:\/\/limoquebec.com\/en\/wp-json\/wp\/v2\/comments?post=1599"}],"version-history":[{"count":4,"href":"https:\/\/limoquebec.com\/en\/wp-json\/wp\/v2\/pages\/1599\/revisions"}],"predecessor-version":[{"id":1780,"href":"https:\/\/limoquebec.com\/en\/wp-json\/wp\/v2\/pages\/1599\/revisions\/1780"}],"wp:attachment":[{"href":"https:\/\/limoquebec.com\/en\/wp-json\/wp\/v2\/media?parent=1599"}],"curies":[{"name":"wp","href":"https:\/\/api.w.org\/{rel}","templated":true}]}}