{"id":1604,"date":"2024-04-09T16:03:55","date_gmt":"2024-04-09T20:03:55","guid":{"rendered":"https:\/\/limoquebec.com\/?page_id=1604"},"modified":"2024-07-08T15:49:13","modified_gmt":"2024-07-08T19:49:13","slug":"port-transfer","status":"publish","type":"page","link":"https:\/\/limoquebec.com\/en\/port-transfer\/","title":{"rendered":"Port transfer"},"content":{"rendered":"<p>[et_pb_section fb_built=&#8221;1&#8243; _builder_version=&#8221;4.24.3&#8243; _module_preset=&#8221;default&#8221; background_image=&#8221;https:\/\/limoquebec.com\/wp-content\/uploads\/2023\/11\/bg-limousine.webp&#8221; custom_padding=&#8221;85px||||false|false&#8221; saved_tabs=&#8221;all&#8221; global_colors_info=&#8221;{}&#8221;][et_pb_row _builder_version=&#8221;4.23.1&#8243; _module_preset=&#8221;default&#8221; global_colors_info=&#8221;{}&#8221;][et_pb_column type=&#8221;4_4&#8243; _builder_version=&#8221;4.23.1&#8243; _module_preset=&#8221;default&#8221; global_colors_info=&#8221;{}&#8221;][et_pb_text _builder_version=&#8221;4.24.3&#8243; _dynamic_attributes=&#8221;content&#8221; _module_preset=&#8221;default&#8221; text_text_color=&#8221;#FFFFFF&#8221; text_font_size=&#8221;13px&#8221; header_font=&#8221;|||on|||||&#8221; header_line_height=&#8221;1.3em&#8221; background_layout=&#8221;dark&#8221; global_colors_info=&#8221;{}&#8221;]@ET-DC@eyJkeW5hbWljIjp0cnVlLCJjb250ZW50IjoicG9zdF90aXRsZSIsInNldHRpbmdzIjp7ImJlZm9yZSI6IjxoMT4iLCJhZnRlciI6IjwvaDE+W3dwc2VvX2JyZWFkY3J1bWJdIn19@[\/et_pb_text][\/et_pb_column][\/et_pb_row][\/et_pb_section][et_pb_section fb_built=&#8221;1&#8243; _builder_version=&#8221;4.23.1&#8243; _module_preset=&#8221;default&#8221; custom_padding=&#8221;50px||50px||true|&#8221; global_colors_info=&#8221;{}&#8221;][et_pb_row column_structure=&#8221;1_2,1_2&#8243; use_custom_gutter=&#8221;on&#8221; gutter_width=&#8221;3&#8243; _builder_version=&#8221;4.24.3&#8243; _module_preset=&#8221;default&#8221; global_colors_info=&#8221;{}&#8221;][et_pb_column type=&#8221;1_2&#8243; _builder_version=&#8221;4.23.1&#8243; _module_preset=&#8221;default&#8221; global_colors_info=&#8221;{}&#8221;][et_pb_blurb image=&#8221;https:\/\/limoquebec.com\/wp-content\/uploads\/2024\/04\/icon-cruise-noborder.webp&#8221; icon_placement=&#8221;left&#8221; image_icon_width=&#8221;70px&#8221; content_max_width=&#8221;100%&#8221; _builder_version=&#8221;4.24.3&#8243; _module_preset=&#8221;default&#8221; body_font=&#8221;|||on|||||&#8221; body_text_color=&#8221;#FF6C00&#8243; body_font_size=&#8221;22px&#8221; body_line_height=&#8221;3em&#8221; module_alignment=&#8221;left&#8221; custom_margin=&#8221;||10px||false|false&#8221; custom_padding=&#8221;||0px||false|false&#8221; animation=&#8221;left&#8221; locked=&#8221;off&#8221; global_colors_info=&#8221;{}&#8221;]<\/p>\n<p>Cruise<\/p>\n<p>[\/et_pb_blurb][et_pb_text _builder_version=&#8221;4.24.3&#8243; _module_preset=&#8221;default&#8221; global_colors_info=&#8221;{}&#8221;]<\/p>\n<h2>Port transfer<\/h2>\n<p>Qu\u00e9bec is an extremely popular destination for cruise passengers. Several well-known lines dock at the Port of Quebec. Royal Caribbean, Cunard , Norwegian , Holland America, Crystal Cruises are a few names that bring cruise passengers to Qu\u00e9bec year after year.<\/p>\n<p>Are you in Qu\u00e9bec and need to board on a cruise ship? Or conversely, your cruise has just ended and you have to leave the ship, trust our team to transport you to your destination.<\/p>\n<p>Groupe Limo Qu\u00e9bec has access to the various docks of the Port of Quebec, so we can easily carry out your port transfer. This way, your limousine driver will be able to take you or meet you directly at the terminal where your ship is located.<\/p>\n<p>Our drivers have excellent knowledge of Quebec City, do not hesitate to ask them for advice about your upcoming stay, they are there for you! Our drivers are French speaking but do very well in English.<br \/>\n[\/et_pb_text][et_pb_button button_url=&#8221;@ET-DC@eyJkeW5hbWljIjp0cnVlLCJjb250ZW50IjoicG9zdF9saW5rX3VybF9wYWdlIiwic2V0dGluZ3MiOnsicG9zdF9pZCI6IjEzMzUifX0=@&#8221; button_text=&#8221;Rate request&#8221; _builder_version=&#8221;4.24.3&#8243; _dynamic_attributes=&#8221;button_url&#8221; _module_preset=&#8221;default&#8221; saved_tabs=&#8221;all&#8221; global_colors_info=&#8221;{}&#8221;][\/et_pb_button][\/et_pb_column][et_pb_column type=&#8221;1_2&#8243; _builder_version=&#8221;4.23.1&#8243; _module_preset=&#8221;default&#8221; global_colors_info=&#8221;{}&#8221;][et_pb_image src=&#8221;https:\/\/limoquebec.com\/wp-content\/uploads\/2024\/05\/Paquebot-Chateau-Frontenac.webp&#8221; _builder_version=&#8221;4.24.3&#8243; _module_preset=&#8221;default&#8221; global_colors_info=&#8221;{}&#8221;][\/et_pb_image][\/et_pb_column][\/et_pb_row][\/et_pb_section]<\/p>\n","protected":false},"excerpt":{"rendered":"<p>CruisePort transfer Qu\u00e9bec is an extremely popular destination for cruise passengers. Several well-known lines dock at the Port of Quebec. Royal Caribbean, Cunard , Norwegian , Holland America, Crystal Cruises are a few names that bring cruise passengers to Qu\u00e9bec year after year. Are you in Qu\u00e9bec and need to board on a cruise ship? [&hellip;]<\/p>\n","protected":false},"author":1,"featured_media":0,"parent":0,"menu_order":50,"comment_status":"closed","ping_status":"closed","template":"","meta":{"_et_pb_use_builder":"on","_et_pb_old_content":"","_et_gb_content_width":"","footnotes":""},"class_list":["post-1604","page","type-page","status-publish","hentry"],"yoast_head":"<!-- This site is optimized with the Yoast SEO plugin v27.6 - https:\/\/yoast.com\/product\/yoast-seo-wordpress\/ -->\n<title>PORT TRANSFER - Transfer for cruises and cruise passengers<\/title>\n<meta name=\"description\" content=\"For a problem-free Port Transfer from or to the Port of Quebec, Limo Qu\u00e9bec offers transport adapted for cruise passengers. Call us now!\" \/>\n<meta name=\"robots\" content=\"index, follow, max-snippet:-1, max-image-preview:large, max-video-preview:-1\" \/>\n<link rel=\"canonical\" href=\"https:\/\/limoquebec.com\/en\/port-transfer\/\" \/>\n<meta property=\"og:locale\" content=\"en_US\" \/>\n<meta property=\"og:type\" content=\"article\" \/>\n<meta property=\"og:title\" content=\"PORT TRANSFER - Transfer for cruises and cruise passengers\" \/>\n<meta property=\"og:description\" content=\"For a problem-free Port Transfer from or to the Port of Quebec, Limo Qu\u00e9bec offers transport adapted for cruise passengers. Call us now!\" \/>\n<meta property=\"og:url\" content=\"https:\/\/limoquebec.com\/en\/port-transfer\/\" \/>\n<meta property=\"og:site_name\" content=\"LIMOUSINE QU\u00c9BEC\" \/>\n<meta property=\"article:modified_time\" content=\"2024-07-08T19:49:13+00:00\" \/>\n<meta name=\"twitter:card\" content=\"summary_large_image\" \/>\n<meta name=\"twitter:label1\" content=\"Est. reading time\" \/>\n\t<meta name=\"twitter:data1\" content=\"2 minutes\" \/>\n<script type=\"application\/ld+json\" class=\"yoast-schema-graph\">{\"@context\":\"https:\\\/\\\/schema.org\",\"@graph\":[{\"@type\":\"WebPage\",\"@id\":\"https:\\\/\\\/limoquebec.com\\\/en\\\/port-transfer\\\/\",\"url\":\"https:\\\/\\\/limoquebec.com\\\/en\\\/port-transfer\\\/\",\"name\":\"PORT TRANSFER - Transfer for cruises and cruise passengers\",\"isPartOf\":{\"@id\":\"https:\\\/\\\/limoquebec.com\\\/en\\\/#website\"},\"datePublished\":\"2024-04-09T20:03:55+00:00\",\"dateModified\":\"2024-07-08T19:49:13+00:00\",\"description\":\"For a problem-free Port Transfer from or to the Port of Quebec, Limo Qu\u00e9bec offers transport adapted for cruise passengers. Call us now!\",\"breadcrumb\":{\"@id\":\"https:\\\/\\\/limoquebec.com\\\/en\\\/port-transfer\\\/#breadcrumb\"},\"inLanguage\":\"en-US\",\"potentialAction\":[{\"@type\":\"ReadAction\",\"target\":[\"https:\\\/\\\/limoquebec.com\\\/en\\\/port-transfer\\\/\"]}]},{\"@type\":\"BreadcrumbList\",\"@id\":\"https:\\\/\\\/limoquebec.com\\\/en\\\/port-transfer\\\/#breadcrumb\",\"itemListElement\":[{\"@type\":\"ListItem\",\"position\":1,\"name\":\"Limousine Qu\u00e9bec\",\"item\":\"https:\\\/\\\/limoquebec.com\\\/en\\\/\"},{\"@type\":\"ListItem\",\"position\":2,\"name\":\"Port transfer\"}]},{\"@type\":\"WebSite\",\"@id\":\"https:\\\/\\\/limoquebec.com\\\/en\\\/#website\",\"url\":\"https:\\\/\\\/limoquebec.com\\\/en\\\/\",\"name\":\"LIMOUSINE QU\u00c9BEC\",\"description\":\"Service de location de limousines \u00e0 Qu\u00e9bec\",\"potentialAction\":[{\"@type\":\"SearchAction\",\"target\":{\"@type\":\"EntryPoint\",\"urlTemplate\":\"https:\\\/\\\/limoquebec.com\\\/en\\\/?s={search_term_string}\"},\"query-input\":{\"@type\":\"PropertyValueSpecification\",\"valueRequired\":true,\"valueName\":\"search_term_string\"}}],\"inLanguage\":\"en-US\"}]}<\/script>\n<!-- \/ Yoast SEO plugin. -->","yoast_head_json":{"title":"PORT TRANSFER - Transfer for cruises and cruise passengers","description":"For a problem-free Port Transfer from or to the Port of Quebec, Limo Qu\u00e9bec offers transport adapted for cruise passengers. Call us now!","robots":{"index":"index","follow":"follow","max-snippet":"max-snippet:-1","max-image-preview":"max-image-preview:large","max-video-preview":"max-video-preview:-1"},"canonical":"https:\/\/limoquebec.com\/en\/port-transfer\/","og_locale":"en_US","og_type":"article","og_title":"PORT TRANSFER - Transfer for cruises and cruise passengers","og_description":"For a problem-free Port Transfer from or to the Port of Quebec, Limo Qu\u00e9bec offers transport adapted for cruise passengers. Call us now!","og_url":"https:\/\/limoquebec.com\/en\/port-transfer\/","og_site_name":"LIMOUSINE QU\u00c9BEC","article_modified_time":"2024-07-08T19:49:13+00:00","twitter_card":"summary_large_image","twitter_misc":{"Est. reading time":"2 minutes"},"schema":{"@context":"https:\/\/schema.org","@graph":[{"@type":"WebPage","@id":"https:\/\/limoquebec.com\/en\/port-transfer\/","url":"https:\/\/limoquebec.com\/en\/port-transfer\/","name":"PORT TRANSFER - Transfer for cruises and cruise passengers","isPartOf":{"@id":"https:\/\/limoquebec.com\/en\/#website"},"datePublished":"2024-04-09T20:03:55+00:00","dateModified":"2024-07-08T19:49:13+00:00","description":"For a problem-free Port Transfer from or to the Port of Quebec, Limo Qu\u00e9bec offers transport adapted for cruise passengers. Call us now!","breadcrumb":{"@id":"https:\/\/limoquebec.com\/en\/port-transfer\/#breadcrumb"},"inLanguage":"en-US","potentialAction":[{"@type":"ReadAction","target":["https:\/\/limoquebec.com\/en\/port-transfer\/"]}]},{"@type":"BreadcrumbList","@id":"https:\/\/limoquebec.com\/en\/port-transfer\/#breadcrumb","itemListElement":[{"@type":"ListItem","position":1,"name":"Limousine Qu\u00e9bec","item":"https:\/\/limoquebec.com\/en\/"},{"@type":"ListItem","position":2,"name":"Port transfer"}]},{"@type":"WebSite","@id":"https:\/\/limoquebec.com\/en\/#website","url":"https:\/\/limoquebec.com\/en\/","name":"LIMOUSINE QU\u00c9BEC","description":"Service de location de limousines \u00e0 Qu\u00e9bec","potentialAction":[{"@type":"SearchAction","target":{"@type":"EntryPoint","urlTemplate":"https:\/\/limoquebec.com\/en\/?s={search_term_string}"},"query-input":{"@type":"PropertyValueSpecification","valueRequired":true,"valueName":"search_term_string"}}],"inLanguage":"en-US"}]}},"_links":{"self":[{"href":"https:\/\/limoquebec.com\/en\/wp-json\/wp\/v2\/pages\/1604","targetHints":{"allow":["GET"]}}],"collection":[{"href":"https:\/\/limoquebec.com\/en\/wp-json\/wp\/v2\/pages"}],"about":[{"href":"https:\/\/limoquebec.com\/en\/wp-json\/wp\/v2\/types\/page"}],"author":[{"embeddable":true,"href":"https:\/\/limoquebec.com\/en\/wp-json\/wp\/v2\/users\/1"}],"replies":[{"embeddable":true,"href":"https:\/\/limoquebec.com\/en\/wp-json\/wp\/v2\/comments?post=1604"}],"version-history":[{"count":3,"href":"https:\/\/limoquebec.com\/en\/wp-json\/wp\/v2\/pages\/1604\/revisions"}],"predecessor-version":[{"id":1781,"href":"https:\/\/limoquebec.com\/en\/wp-json\/wp\/v2\/pages\/1604\/revisions\/1781"}],"wp:attachment":[{"href":"https:\/\/limoquebec.com\/en\/wp-json\/wp\/v2\/media?parent=1604"}],"curies":[{"name":"wp","href":"https:\/\/api.w.org\/{rel}","templated":true}]}}