{"id":1607,"date":"2024-04-09T16:00:37","date_gmt":"2024-04-09T20:00:37","guid":{"rendered":"https:\/\/limoquebec.com\/?page_id=1607"},"modified":"2024-07-08T15:51:11","modified_gmt":"2024-07-08T19:51:11","slug":"point-to-point-transfer","status":"publish","type":"page","link":"https:\/\/limoquebec.com\/en\/point-to-point-transfer\/","title":{"rendered":"Point-to-point transfer"},"content":{"rendered":"<p>[et_pb_section fb_built=&#8221;1&#8243; _builder_version=&#8221;4.24.3&#8243; _module_preset=&#8221;default&#8221; background_image=&#8221;https:\/\/limoquebec.com\/wp-content\/uploads\/2023\/11\/bg-limousine.webp&#8221; custom_padding=&#8221;85px||||false|false&#8221; saved_tabs=&#8221;all&#8221; global_colors_info=&#8221;{}&#8221;][et_pb_row _builder_version=&#8221;4.23.1&#8243; _module_preset=&#8221;default&#8221; global_colors_info=&#8221;{}&#8221;][et_pb_column type=&#8221;4_4&#8243; _builder_version=&#8221;4.23.1&#8243; _module_preset=&#8221;default&#8221; global_colors_info=&#8221;{}&#8221;][et_pb_text _builder_version=&#8221;4.24.3&#8243; _dynamic_attributes=&#8221;content&#8221; _module_preset=&#8221;default&#8221; text_text_color=&#8221;#FFFFFF&#8221; text_font_size=&#8221;13px&#8221; header_font=&#8221;|||on|||||&#8221; header_line_height=&#8221;1.3em&#8221; background_layout=&#8221;dark&#8221; global_colors_info=&#8221;{}&#8221;]@ET-DC@eyJkeW5hbWljIjp0cnVlLCJjb250ZW50IjoicG9zdF90aXRsZSIsInNldHRpbmdzIjp7ImJlZm9yZSI6IjxoMT4iLCJhZnRlciI6IjwvaDE+W3dwc2VvX2JyZWFkY3J1bWJdIn19@[\/et_pb_text][\/et_pb_column][\/et_pb_row][\/et_pb_section][et_pb_section fb_built=&#8221;1&#8243; _builder_version=&#8221;4.23.1&#8243; _module_preset=&#8221;default&#8221; custom_padding=&#8221;50px||50px||true|&#8221; global_colors_info=&#8221;{}&#8221;][et_pb_row column_structure=&#8221;1_2,1_2&#8243; use_custom_gutter=&#8221;on&#8221; gutter_width=&#8221;3&#8243; _builder_version=&#8221;4.24.3&#8243; _module_preset=&#8221;default&#8221; global_colors_info=&#8221;{}&#8221;][et_pb_column type=&#8221;1_2&#8243; _builder_version=&#8221;4.23.1&#8243; _module_preset=&#8221;default&#8221; global_colors_info=&#8221;{}&#8221;][et_pb_blurb image=&#8221;https:\/\/limoquebec.com\/wp-content\/uploads\/2024\/04\/icon-point-to-point-noborder.webp&#8221; icon_placement=&#8221;left&#8221; image_icon_width=&#8221;70px&#8221; content_max_width=&#8221;100%&#8221; _builder_version=&#8221;4.24.3&#8243; _module_preset=&#8221;default&#8221; body_font=&#8221;|||on|||||&#8221; body_text_color=&#8221;#FF6C00&#8243; body_font_size=&#8221;22px&#8221; body_line_height=&#8221;3em&#8221; module_alignment=&#8221;left&#8221; custom_margin=&#8221;||10px||false|false&#8221; custom_padding=&#8221;||0px||false|false&#8221; animation=&#8221;left&#8221; locked=&#8221;off&#8221; global_colors_info=&#8221;{}&#8221;]<\/p>\n<p>Point to Point<\/p>\n<p>[\/et_pb_blurb][et_pb_text _builder_version=&#8221;4.24.3&#8243; _module_preset=&#8221;default&#8221; global_colors_info=&#8221;{}&#8221;]<\/p>\n<h2>Point-to-point transfer<\/h2>\n<p>Our commitment to punctuality makes us the ideal choice for your point-to-point transfer travel. We understand the importance of arriving at your destination on time, whether for a crucial meeting, a business appointment or simply to enjoy your day stress-free.<\/p>\n<p>No unpleasant surprises at the end of the journey. With Groupe Limo Qu\u00e9bec, our rates are transparent and competitive. You&#8217;ll know exactly how much your journey will cost before you even board, giving you complete peace of mind. Rates shown include all fees, taxes and 15% gratuity for the limousine driver.<\/p>\n<p>Booking point-to-point transportation with Groupe Limo Qu\u00e9bec is child&#8217;s play. Use our easy-to-use online platform to book your ride in just a few clicks. Simply indicate your departure and arrival points, choose your desired vehicle type, and you&#8217;re ready to go.<\/p>\n<p>[\/et_pb_text][et_pb_button button_url=&#8221;@ET-DC@eyJkeW5hbWljIjp0cnVlLCJjb250ZW50IjoicG9zdF9saW5rX3VybF9wYWdlIiwic2V0dGluZ3MiOnsicG9zdF9pZCI6IjEzMzUifX0=@&#8221; button_text=&#8221;Rate request&#8221; _builder_version=&#8221;4.24.3&#8243; _dynamic_attributes=&#8221;button_url&#8221; _module_preset=&#8221;default&#8221; saved_tabs=&#8221;all&#8221; global_colors_info=&#8221;{}&#8221;][\/et_pb_button][\/et_pb_column][et_pb_column type=&#8221;1_2&#8243; _builder_version=&#8221;4.23.1&#8243; _module_preset=&#8221;default&#8221; global_colors_info=&#8221;{}&#8221;][et_pb_image src=&#8221;https:\/\/limoquebec.com\/wp-content\/uploads\/2024\/04\/photo-driver-2.webp&#8221; title_text=&#8221;photo-driver-2&#8243; _builder_version=&#8221;4.24.3&#8243; _module_preset=&#8221;default&#8221; global_colors_info=&#8221;{}&#8221;][\/et_pb_image][\/et_pb_column][\/et_pb_row][\/et_pb_section]<\/p>\n","protected":false},"excerpt":{"rendered":"<p>Point to PointPoint-to-point transfer Our commitment to punctuality makes us the ideal choice for your point-to-point transfer travel. We understand the importance of arriving at your destination on time, whether for a crucial meeting, a business appointment or simply to enjoy your day stress-free. No unpleasant surprises at the end of the journey. With Groupe [&hellip;]<\/p>\n","protected":false},"author":1,"featured_media":0,"parent":0,"menu_order":60,"comment_status":"closed","ping_status":"closed","template":"","meta":{"_et_pb_use_builder":"on","_et_pb_old_content":"<p>[et_pb_section fb_built=\"1\" _builder_version=\"4.24.3\" _module_preset=\"default\" background_image=\"https:\/\/limoquebec.com\/wp-content\/uploads\/2023\/11\/bg-limousine.webp\" custom_padding=\"85px||||false|false\" global_module=\"1137\" saved_tabs=\"all\" global_colors_info=\"{}\"][et_pb_row _builder_version=\"4.23.1\" _module_preset=\"default\" global_colors_info=\"{}\"][et_pb_column type=\"4_4\" _builder_version=\"4.23.1\" _module_preset=\"default\" global_colors_info=\"{}\"][et_pb_text _builder_version=\"4.24.3\" _dynamic_attributes=\"content\" _module_preset=\"default\" text_text_color=\"#FFFFFF\" text_font_size=\"13px\" header_font=\"|||on|||||\" header_line_height=\"1.3em\" background_layout=\"dark\" global_colors_info=\"{}\"]@ET-DC@eyJkeW5hbWljIjp0cnVlLCJjb250ZW50IjoicG9zdF90aXRsZSIsInNldHRpbmdzIjp7ImJlZm9yZSI6IjxoMT4iLCJhZnRlciI6IjwvaDE+W3dwc2VvX2JyZWFkY3J1bWJdIn19@[\/et_pb_text][\/et_pb_column][\/et_pb_row][\/et_pb_section][et_pb_section fb_built=\"1\" _builder_version=\"4.23.1\" _module_preset=\"default\" custom_padding=\"50px||50px||true|\" global_colors_info=\"{}\"][et_pb_row column_structure=\"1_2,1_2\" use_custom_gutter=\"on\" gutter_width=\"3\" _builder_version=\"4.24.3\" _module_preset=\"default\" global_colors_info=\"{}\"][et_pb_column type=\"1_2\" _builder_version=\"4.23.1\" _module_preset=\"default\" global_colors_info=\"{}\"][et_pb_blurb image=\"https:\/\/limoquebec.com\/wp-content\/uploads\/2024\/04\/icon-point-to-point-noborder.webp\" alt=\"Gares de train\" icon_placement=\"left\" image_icon_width=\"70px\" content_max_width=\"100%\" _builder_version=\"4.24.3\" _module_preset=\"default\" body_font=\"|||on|||||\" body_text_color=\"#FF6C00\" body_font_size=\"22px\" body_line_height=\"3em\" module_alignment=\"left\" custom_margin=\"||10px||false|false\" custom_padding=\"||0px||false|false\" animation=\"left\" locked=\"off\" global_colors_info=\"{}\"]<\/p><p>Point \u00e0 Point<\/p><p>[\/et_pb_blurb][et_pb_text _builder_version=\"4.24.3\" _module_preset=\"default\" global_colors_info=\"{}\"]<\/p><h2>Transfert point \u00e0 point<\/h2><p>Notre engagement envers la ponctualit\u00e9 fait de nous le choix id\u00e9al pour vos d\u00e9placements de point A \u00e0 point B. Nous comprenons l'importance d'arriver \u00e0 destination \u00e0 temps, que ce soit pour une r\u00e9union cruciale, un rendez-vous professionnel ou tout simplement pour profiter de votre journ\u00e9e sans stress.<\/p><p>Pas de surprises d\u00e9sagr\u00e9ables \u00e0 la fin du trajet. Avec Groupe Limo Qu\u00e9bec, nos tarifs sont transparents et comp\u00e9titifs. Vous saurez exactement combien co\u00fbtera votre trajet avant m\u00eame de monter \u00e0 bord, vous offrant une tranquillit\u00e9 d'esprit totale. Les tarifs affich\u00e9s comprennent tous les frais, taxes et 15% de pourboire pour le chauffeur de limousine.<\/p><p>R\u00e9server un transport point \u00e0 point avec Groupe Limo Qu\u00e9bec est un jeu d'enfant. Utilisez notre plateforme conviviale en ligne pour r\u00e9server votre trajet en quelques clics. Indiquez simplement vos points de d\u00e9part et d'arriv\u00e9e, choisissez le type de v\u00e9hicule souhait\u00e9, et vous \u00eates pr\u00eat \u00e0 partir.<\/p><p>[\/et_pb_text][et_pb_button button_url=\"@ET-DC@eyJkeW5hbWljIjp0cnVlLCJjb250ZW50IjoicG9zdF9saW5rX3VybF9wYWdlIiwic2V0dGluZ3MiOnsicG9zdF9pZCI6IjEzMzUifX0=@\" button_text=\"Demander une soumission\" _builder_version=\"4.24.3\" _dynamic_attributes=\"button_url\" _module_preset=\"default\" saved_tabs=\"all\" global_colors_info=\"{}\" global_module=\"1368\" theme_builder_area=\"post_content\"][\/et_pb_button][\/et_pb_column][et_pb_column type=\"1_2\" _builder_version=\"4.23.1\" _module_preset=\"default\" global_colors_info=\"{}\"][et_pb_image src=\"https:\/\/limoquebec.com\/wp-content\/uploads\/2024\/04\/photo-driver-2.webp\" title_text=\"photo-driver-2\" _builder_version=\"4.24.3\" _module_preset=\"default\" global_colors_info=\"{}\"][\/et_pb_image][\/et_pb_column][\/et_pb_row][\/et_pb_section]<\/p>","_et_gb_content_width":"","footnotes":""},"class_list":["post-1607","page","type-page","status-publish","hentry"],"yoast_head":"<!-- This site is optimized with the Yoast SEO plugin v27.3 - https:\/\/yoast.com\/product\/yoast-seo-wordpress\/ -->\n<title>Point to Point Limo Service -Point to Point Transfer<\/title>\n<meta name=\"description\" content=\"Do you need point-to-point transportation for a business meeting? Opt for Groupe Limo Qu\u00e9bec for impeccable service and punctuality.\" \/>\n<meta name=\"robots\" content=\"index, follow, max-snippet:-1, max-image-preview:large, max-video-preview:-1\" \/>\n<link rel=\"canonical\" href=\"https:\/\/limoquebec.com\/en\/point-to-point-transfer\/\" \/>\n<meta property=\"og:locale\" content=\"en_US\" \/>\n<meta property=\"og:type\" content=\"article\" \/>\n<meta property=\"og:title\" content=\"Point to Point Limo Service -Point to Point Transfer\" \/>\n<meta property=\"og:description\" content=\"Do you need point-to-point transportation for a business meeting? Opt for Groupe Limo Qu\u00e9bec for impeccable service and punctuality.\" \/>\n<meta property=\"og:url\" content=\"https:\/\/limoquebec.com\/en\/point-to-point-transfer\/\" \/>\n<meta property=\"og:site_name\" content=\"LIMOUSINE QU\u00c9BEC\" \/>\n<meta property=\"article:modified_time\" content=\"2024-07-08T19:51:11+00:00\" \/>\n<meta name=\"twitter:card\" content=\"summary_large_image\" \/>\n<meta name=\"twitter:label1\" content=\"Est. reading time\" \/>\n\t<meta name=\"twitter:data1\" content=\"2 minutes\" \/>\n<script type=\"application\/ld+json\" class=\"yoast-schema-graph\">{\"@context\":\"https:\\\/\\\/schema.org\",\"@graph\":[{\"@type\":\"WebPage\",\"@id\":\"https:\\\/\\\/limoquebec.com\\\/en\\\/point-to-point-transfer\\\/\",\"url\":\"https:\\\/\\\/limoquebec.com\\\/en\\\/point-to-point-transfer\\\/\",\"name\":\"Point to Point Limo Service -Point to Point Transfer\",\"isPartOf\":{\"@id\":\"https:\\\/\\\/limoquebec.com\\\/en\\\/#website\"},\"datePublished\":\"2024-04-09T20:00:37+00:00\",\"dateModified\":\"2024-07-08T19:51:11+00:00\",\"description\":\"Do you need point-to-point transportation for a business meeting? Opt for Groupe Limo Qu\u00e9bec for impeccable service and punctuality.\",\"breadcrumb\":{\"@id\":\"https:\\\/\\\/limoquebec.com\\\/en\\\/point-to-point-transfer\\\/#breadcrumb\"},\"inLanguage\":\"en-US\",\"potentialAction\":[{\"@type\":\"ReadAction\",\"target\":[\"https:\\\/\\\/limoquebec.com\\\/en\\\/point-to-point-transfer\\\/\"]}]},{\"@type\":\"BreadcrumbList\",\"@id\":\"https:\\\/\\\/limoquebec.com\\\/en\\\/point-to-point-transfer\\\/#breadcrumb\",\"itemListElement\":[{\"@type\":\"ListItem\",\"position\":1,\"name\":\"Limousine Qu\u00e9bec\",\"item\":\"https:\\\/\\\/limoquebec.com\\\/en\\\/\"},{\"@type\":\"ListItem\",\"position\":2,\"name\":\"Point-to-point transfer\"}]},{\"@type\":\"WebSite\",\"@id\":\"https:\\\/\\\/limoquebec.com\\\/en\\\/#website\",\"url\":\"https:\\\/\\\/limoquebec.com\\\/en\\\/\",\"name\":\"LIMOUSINE QU\u00c9BEC\",\"description\":\"Service de location de limousines \u00e0 Qu\u00e9bec\",\"potentialAction\":[{\"@type\":\"SearchAction\",\"target\":{\"@type\":\"EntryPoint\",\"urlTemplate\":\"https:\\\/\\\/limoquebec.com\\\/en\\\/?s={search_term_string}\"},\"query-input\":{\"@type\":\"PropertyValueSpecification\",\"valueRequired\":true,\"valueName\":\"search_term_string\"}}],\"inLanguage\":\"en-US\"}]}<\/script>\n<!-- \/ Yoast SEO plugin. -->","yoast_head_json":{"title":"Point to Point Limo Service -Point to Point Transfer","description":"Do you need point-to-point transportation for a business meeting? Opt for Groupe Limo Qu\u00e9bec for impeccable service and punctuality.","robots":{"index":"index","follow":"follow","max-snippet":"max-snippet:-1","max-image-preview":"max-image-preview:large","max-video-preview":"max-video-preview:-1"},"canonical":"https:\/\/limoquebec.com\/en\/point-to-point-transfer\/","og_locale":"en_US","og_type":"article","og_title":"Point to Point Limo Service -Point to Point Transfer","og_description":"Do you need point-to-point transportation for a business meeting? Opt for Groupe Limo Qu\u00e9bec for impeccable service and punctuality.","og_url":"https:\/\/limoquebec.com\/en\/point-to-point-transfer\/","og_site_name":"LIMOUSINE QU\u00c9BEC","article_modified_time":"2024-07-08T19:51:11+00:00","twitter_card":"summary_large_image","twitter_misc":{"Est. reading time":"2 minutes"},"schema":{"@context":"https:\/\/schema.org","@graph":[{"@type":"WebPage","@id":"https:\/\/limoquebec.com\/en\/point-to-point-transfer\/","url":"https:\/\/limoquebec.com\/en\/point-to-point-transfer\/","name":"Point to Point Limo Service -Point to Point Transfer","isPartOf":{"@id":"https:\/\/limoquebec.com\/en\/#website"},"datePublished":"2024-04-09T20:00:37+00:00","dateModified":"2024-07-08T19:51:11+00:00","description":"Do you need point-to-point transportation for a business meeting? Opt for Groupe Limo Qu\u00e9bec for impeccable service and punctuality.","breadcrumb":{"@id":"https:\/\/limoquebec.com\/en\/point-to-point-transfer\/#breadcrumb"},"inLanguage":"en-US","potentialAction":[{"@type":"ReadAction","target":["https:\/\/limoquebec.com\/en\/point-to-point-transfer\/"]}]},{"@type":"BreadcrumbList","@id":"https:\/\/limoquebec.com\/en\/point-to-point-transfer\/#breadcrumb","itemListElement":[{"@type":"ListItem","position":1,"name":"Limousine Qu\u00e9bec","item":"https:\/\/limoquebec.com\/en\/"},{"@type":"ListItem","position":2,"name":"Point-to-point transfer"}]},{"@type":"WebSite","@id":"https:\/\/limoquebec.com\/en\/#website","url":"https:\/\/limoquebec.com\/en\/","name":"LIMOUSINE QU\u00c9BEC","description":"Service de location de limousines \u00e0 Qu\u00e9bec","potentialAction":[{"@type":"SearchAction","target":{"@type":"EntryPoint","urlTemplate":"https:\/\/limoquebec.com\/en\/?s={search_term_string}"},"query-input":{"@type":"PropertyValueSpecification","valueRequired":true,"valueName":"search_term_string"}}],"inLanguage":"en-US"}]}},"_links":{"self":[{"href":"https:\/\/limoquebec.com\/en\/wp-json\/wp\/v2\/pages\/1607","targetHints":{"allow":["GET"]}}],"collection":[{"href":"https:\/\/limoquebec.com\/en\/wp-json\/wp\/v2\/pages"}],"about":[{"href":"https:\/\/limoquebec.com\/en\/wp-json\/wp\/v2\/types\/page"}],"author":[{"embeddable":true,"href":"https:\/\/limoquebec.com\/en\/wp-json\/wp\/v2\/users\/1"}],"replies":[{"embeddable":true,"href":"https:\/\/limoquebec.com\/en\/wp-json\/wp\/v2\/comments?post=1607"}],"version-history":[{"count":8,"href":"https:\/\/limoquebec.com\/en\/wp-json\/wp\/v2\/pages\/1607\/revisions"}],"predecessor-version":[{"id":1782,"href":"https:\/\/limoquebec.com\/en\/wp-json\/wp\/v2\/pages\/1607\/revisions\/1782"}],"wp:attachment":[{"href":"https:\/\/limoquebec.com\/en\/wp-json\/wp\/v2\/media?parent=1607"}],"curies":[{"name":"wp","href":"https:\/\/api.w.org\/{rel}","templated":true}]}}