{"id":1617,"date":"2024-04-09T16:00:02","date_gmt":"2024-04-09T20:00:02","guid":{"rendered":"https:\/\/limoquebec.com\/?page_id=1617"},"modified":"2024-07-08T15:53:18","modified_gmt":"2024-07-08T19:53:18","slug":"charter-hourly-service","status":"publish","type":"page","link":"https:\/\/limoquebec.com\/en\/charter-hourly-service\/","title":{"rendered":"Charter\/hourly service"},"content":{"rendered":"<p>[et_pb_section fb_built=&#8221;1&#8243; _builder_version=&#8221;4.24.3&#8243; _module_preset=&#8221;default&#8221; background_image=&#8221;https:\/\/limoquebec.com\/wp-content\/uploads\/2023\/11\/bg-limousine.webp&#8221; custom_padding=&#8221;85px||||false|false&#8221; saved_tabs=&#8221;all&#8221; global_colors_info=&#8221;{}&#8221;][et_pb_row _builder_version=&#8221;4.23.1&#8243; _module_preset=&#8221;default&#8221; global_colors_info=&#8221;{}&#8221;][et_pb_column type=&#8221;4_4&#8243; _builder_version=&#8221;4.23.1&#8243; _module_preset=&#8221;default&#8221; global_colors_info=&#8221;{}&#8221;][et_pb_text _builder_version=&#8221;4.25.2&#8243; _dynamic_attributes=&#8221;content&#8221; _module_preset=&#8221;default&#8221; text_text_color=&#8221;#FFFFFF&#8221; text_font_size=&#8221;13px&#8221; header_font=&#8221;|||on|||||&#8221; header_line_height=&#8221;1.3em&#8221; background_layout=&#8221;dark&#8221; header_font_size_tablet=&#8221;&#8221; header_font_size_phone=&#8221;38px&#8221; header_font_size_last_edited=&#8221;on|phone&#8221; global_colors_info=&#8221;{}&#8221;]@ET-DC@eyJkeW5hbWljIjp0cnVlLCJjb250ZW50IjoicG9zdF90aXRsZSIsInNldHRpbmdzIjp7ImJlZm9yZSI6IjxoMT4iLCJhZnRlciI6IjwvaDE+W3dwc2VvX2JyZWFkY3J1bWJdIn19@[\/et_pb_text][\/et_pb_column][\/et_pb_row][\/et_pb_section][et_pb_section fb_built=&#8221;1&#8243; _builder_version=&#8221;4.23.1&#8243; _module_preset=&#8221;default&#8221; custom_padding=&#8221;50px||50px||true|&#8221; global_colors_info=&#8221;{}&#8221;][et_pb_row column_structure=&#8221;1_2,1_2&#8243; use_custom_gutter=&#8221;on&#8221; gutter_width=&#8221;3&#8243; _builder_version=&#8221;4.24.3&#8243; _module_preset=&#8221;default&#8221; global_colors_info=&#8221;{}&#8221;][et_pb_column type=&#8221;1_2&#8243; _builder_version=&#8221;4.23.1&#8243; _module_preset=&#8221;default&#8221; global_colors_info=&#8221;{}&#8221;][et_pb_blurb image=&#8221;https:\/\/limoquebec.com\/wp-content\/uploads\/2024\/04\/icon-nolise-noborder.webp&#8221; icon_placement=&#8221;left&#8221; image_icon_width=&#8221;70px&#8221; content_max_width=&#8221;100%&#8221; _builder_version=&#8221;4.24.3&#8243; _module_preset=&#8221;default&#8221; body_font=&#8221;|||on|||||&#8221; body_text_color=&#8221;#FF6C00&#8243; body_font_size=&#8221;22px&#8221; body_line_height=&#8221;3em&#8221; module_alignment=&#8221;left&#8221; custom_margin=&#8221;||10px||false|false&#8221; custom_padding=&#8221;||0px||false|false&#8221; animation=&#8221;left&#8221; locked=&#8221;off&#8221; global_colors_info=&#8221;{}&#8221;]<\/p>\n<p>Charter\/hourly<\/p>\n<p>[\/et_pb_blurb][et_pb_text _builder_version=&#8221;4.24.3&#8243; _module_preset=&#8221;default&#8221; global_colors_info=&#8221;{}&#8221;]<\/p>\n<h2>Charter\/hourly service<\/h2>\n<p>Do you need a vehicle and a driver for several hours, because you have different stops to make? Opt for our chartered transportation service. You will have a vehicle and a driver at your disposal for the desired duration.<\/p>\n<p>You can literally go anywhere you want with our charter service. Select the rental duration you need, the departure location, the stops you plan to make as well as the arrival location and that&#8217;s it.<\/p>\n<p>The advantage of opting for an hourly service is that you have the driver assigned to you for the entire duration desired. He will be waiting for you at the door of each of your appointments or places you want to visit. If you have to stay longer than expected at an address there is no problem your driver will wait for you and will be there, or even in the opposite case if you have to leave more quickly the driver will also be ready.<br \/>\n[\/et_pb_text][et_pb_button button_url=&#8221;@ET-DC@eyJkeW5hbWljIjp0cnVlLCJjb250ZW50IjoicG9zdF9saW5rX3VybF9wYWdlIiwic2V0dGluZ3MiOnsicG9zdF9pZCI6IjEzMzUifX0=@&#8221; button_text=&#8221;Rate request&#8221; _builder_version=&#8221;4.24.3&#8243; _dynamic_attributes=&#8221;button_url&#8221; _module_preset=&#8221;default&#8221; saved_tabs=&#8221;all&#8221; global_colors_info=&#8221;{}&#8221;][\/et_pb_button][\/et_pb_column][et_pb_column type=&#8221;1_2&#8243; _builder_version=&#8221;4.23.1&#8243; _module_preset=&#8221;default&#8221; global_colors_info=&#8221;{}&#8221;][et_pb_image src=&#8221;https:\/\/limoquebec.com\/wp-content\/uploads\/2024\/05\/photo-nolise.webp&#8221; title_text=&#8221;photo-driver-5&#8243; _builder_version=&#8221;4.24.3&#8243; _module_preset=&#8221;default&#8221; global_colors_info=&#8221;{}&#8221;][\/et_pb_image][\/et_pb_column][\/et_pb_row][\/et_pb_section]<\/p>\n","protected":false},"excerpt":{"rendered":"<p>Charter\/hourlyCharter\/hourly service Do you need a vehicle and a driver for several hours, because you have different stops to make? Opt for our chartered transportation service. You will have a vehicle and a driver at your disposal for the desired duration. You can literally go anywhere you want with our charter service. Select the rental [&hellip;]<\/p>\n","protected":false},"author":1,"featured_media":0,"parent":0,"menu_order":70,"comment_status":"closed","ping_status":"closed","template":"","meta":{"_et_pb_use_builder":"on","_et_pb_old_content":"<p>[et_pb_section fb_built=\"1\" _builder_version=\"4.24.3\" _module_preset=\"default\" background_image=\"https:\/\/limoquebec.com\/wp-content\/uploads\/2023\/11\/bg-limousine.webp\" custom_padding=\"85px||||false|false\" global_module=\"1137\" saved_tabs=\"all\" global_colors_info=\"{}\"][et_pb_row _builder_version=\"4.23.1\" _module_preset=\"default\" global_colors_info=\"{}\"][et_pb_column type=\"4_4\" _builder_version=\"4.23.1\" _module_preset=\"default\" global_colors_info=\"{}\"][et_pb_text _builder_version=\"4.24.3\" _dynamic_attributes=\"content\" _module_preset=\"default\" text_text_color=\"#FFFFFF\" text_font_size=\"13px\" header_font=\"|||on|||||\" header_line_height=\"1.3em\" background_layout=\"dark\" global_colors_info=\"{}\"]@ET-DC@eyJkeW5hbWljIjp0cnVlLCJjb250ZW50IjoicG9zdF90aXRsZSIsInNldHRpbmdzIjp7ImJlZm9yZSI6IjxoMT4iLCJhZnRlciI6IjwvaDE+W3dwc2VvX2JyZWFkY3J1bWJdIn19@[\/et_pb_text][\/et_pb_column][\/et_pb_row][\/et_pb_section][et_pb_section fb_built=\"1\" _builder_version=\"4.23.1\" _module_preset=\"default\" custom_padding=\"50px||50px||true|\" global_colors_info=\"{}\"][et_pb_row column_structure=\"1_2,1_2\" use_custom_gutter=\"on\" gutter_width=\"3\" _builder_version=\"4.24.3\" _module_preset=\"default\" global_colors_info=\"{}\"][et_pb_column type=\"1_2\" _builder_version=\"4.23.1\" _module_preset=\"default\" global_colors_info=\"{}\"][et_pb_blurb image=\"https:\/\/limoquebec.com\/wp-content\/uploads\/2024\/04\/icon-nolise-noborder.webp\" alt=\"\" icon_placement=\"left\" image_icon_width=\"70px\" content_max_width=\"100%\" _builder_version=\"4.24.3\" _module_preset=\"default\" body_font=\"|||on|||||\" body_text_color=\"#FF6C00\" body_font_size=\"22px\" body_line_height=\"3em\" module_alignment=\"left\" custom_margin=\"||10px||false|false\" custom_padding=\"||0px||false|false\" animation=\"left\" locked=\"off\" global_colors_info=\"{}\"]<\/p><p>Charter\/hourly<\/p><p>[\/et_pb_blurb][et_pb_text _builder_version=\"4.24.3\" _module_preset=\"default\" global_colors_info=\"{}\"]<\/p><h2>Charter\/hourly service<\/h2><p>Do you need a vehicle and a driver for several hours, because you have different stops to make? Opt for our chartered transportation service. You will have a vehicle and a driver at your disposal for the desired duration.<\/p><p>You can literally go anywhere you want with our charter service. Select the rental duration you need, the departure location, the stops you plan to make as well as the arrival location and that's it.<\/p><p>The advantage of opting for an hourly service is that you have the driver assigned to you for the entire duration desired. He will be waiting for you at the door of each of your appointments or places you want to visit. If you have to stay longer than expected at an address there is no problem your driver will wait for you and will be there, or even in the opposite case if you have to leave more quickly the driver will also be ready.<\/p><p>[\/et_pb_text][et_pb_button button_url=\"@ET-DC@eyJkeW5hbWljIjp0cnVlLCJjb250ZW50IjoicG9zdF9saW5rX3VybF9wYWdlIiwic2V0dGluZ3MiOnsicG9zdF9pZCI6IjEzMzUifX0=@\" button_text=\"Rate request\" _builder_version=\"4.24.3\" _dynamic_attributes=\"button_url\" _module_preset=\"default\" global_module=\"1368\" saved_tabs=\"all\" global_colors_info=\"{}\"][\/et_pb_button][\/et_pb_column][et_pb_column type=\"1_2\" _builder_version=\"4.23.1\" _module_preset=\"default\" global_colors_info=\"{}\"][et_pb_image src=\"https:\/\/limoquebec.com\/wp-content\/uploads\/2024\/05\/photo-nolise.webp\" title_text=\"photo-driver-5\" _builder_version=\"4.24.3\" _module_preset=\"default\" hover_enabled=\"0\" global_colors_info=\"{}\" sticky_enabled=\"0\"][\/et_pb_image][\/et_pb_column][\/et_pb_row][\/et_pb_section]<\/p>","_et_gb_content_width":"","footnotes":""},"class_list":["post-1617","page","type-page","status-publish","hentry"],"yoast_head":"<!-- This site is optimized with the Yoast SEO plugin v27.4 - https:\/\/yoast.com\/product\/yoast-seo-wordpress\/ -->\n<title>Chartered or hourly service - Chartered Transportation with Driver<\/title>\n<meta name=\"description\" content=\"Groupe Limo Qu\u00e9bec offers you a charter or hourly service. Ideal for a day with several stops. Reserve your vehicle with a driver now!\" \/>\n<meta name=\"robots\" content=\"index, follow, max-snippet:-1, max-image-preview:large, max-video-preview:-1\" \/>\n<link rel=\"canonical\" href=\"https:\/\/limoquebec.com\/en\/charter-hourly-service\/\" \/>\n<meta property=\"og:locale\" content=\"en_US\" \/>\n<meta property=\"og:type\" content=\"article\" \/>\n<meta property=\"og:title\" content=\"Chartered or hourly service - Chartered Transportation with Driver\" \/>\n<meta property=\"og:description\" content=\"Groupe Limo Qu\u00e9bec offers you a charter or hourly service. Ideal for a day with several stops. Reserve your vehicle with a driver now!\" \/>\n<meta property=\"og:url\" content=\"https:\/\/limoquebec.com\/en\/charter-hourly-service\/\" \/>\n<meta property=\"og:site_name\" content=\"LIMOUSINE QU\u00c9BEC\" \/>\n<meta property=\"article:modified_time\" content=\"2024-07-08T19:53:18+00:00\" \/>\n<meta name=\"twitter:card\" content=\"summary_large_image\" \/>\n<meta name=\"twitter:label1\" content=\"Est. reading time\" \/>\n\t<meta name=\"twitter:data1\" content=\"2 minutes\" \/>\n<script type=\"application\/ld+json\" class=\"yoast-schema-graph\">{\"@context\":\"https:\\\/\\\/schema.org\",\"@graph\":[{\"@type\":\"WebPage\",\"@id\":\"https:\\\/\\\/limoquebec.com\\\/en\\\/charter-hourly-service\\\/\",\"url\":\"https:\\\/\\\/limoquebec.com\\\/en\\\/charter-hourly-service\\\/\",\"name\":\"Chartered or hourly service - Chartered Transportation with Driver\",\"isPartOf\":{\"@id\":\"https:\\\/\\\/limoquebec.com\\\/en\\\/#website\"},\"datePublished\":\"2024-04-09T20:00:02+00:00\",\"dateModified\":\"2024-07-08T19:53:18+00:00\",\"description\":\"Groupe Limo Qu\u00e9bec offers you a charter or hourly service. Ideal for a day with several stops. Reserve your vehicle with a driver now!\",\"breadcrumb\":{\"@id\":\"https:\\\/\\\/limoquebec.com\\\/en\\\/charter-hourly-service\\\/#breadcrumb\"},\"inLanguage\":\"en-US\",\"potentialAction\":[{\"@type\":\"ReadAction\",\"target\":[\"https:\\\/\\\/limoquebec.com\\\/en\\\/charter-hourly-service\\\/\"]}]},{\"@type\":\"BreadcrumbList\",\"@id\":\"https:\\\/\\\/limoquebec.com\\\/en\\\/charter-hourly-service\\\/#breadcrumb\",\"itemListElement\":[{\"@type\":\"ListItem\",\"position\":1,\"name\":\"Limousine Qu\u00e9bec\",\"item\":\"https:\\\/\\\/limoquebec.com\\\/en\\\/\"},{\"@type\":\"ListItem\",\"position\":2,\"name\":\"Charter\\\/hourly service\"}]},{\"@type\":\"WebSite\",\"@id\":\"https:\\\/\\\/limoquebec.com\\\/en\\\/#website\",\"url\":\"https:\\\/\\\/limoquebec.com\\\/en\\\/\",\"name\":\"LIMOUSINE QU\u00c9BEC\",\"description\":\"Service de location de limousines \u00e0 Qu\u00e9bec\",\"potentialAction\":[{\"@type\":\"SearchAction\",\"target\":{\"@type\":\"EntryPoint\",\"urlTemplate\":\"https:\\\/\\\/limoquebec.com\\\/en\\\/?s={search_term_string}\"},\"query-input\":{\"@type\":\"PropertyValueSpecification\",\"valueRequired\":true,\"valueName\":\"search_term_string\"}}],\"inLanguage\":\"en-US\"}]}<\/script>\n<!-- \/ Yoast SEO plugin. -->","yoast_head_json":{"title":"Chartered or hourly service - Chartered Transportation with Driver","description":"Groupe Limo Qu\u00e9bec offers you a charter or hourly service. Ideal for a day with several stops. Reserve your vehicle with a driver now!","robots":{"index":"index","follow":"follow","max-snippet":"max-snippet:-1","max-image-preview":"max-image-preview:large","max-video-preview":"max-video-preview:-1"},"canonical":"https:\/\/limoquebec.com\/en\/charter-hourly-service\/","og_locale":"en_US","og_type":"article","og_title":"Chartered or hourly service - Chartered Transportation with Driver","og_description":"Groupe Limo Qu\u00e9bec offers you a charter or hourly service. Ideal for a day with several stops. Reserve your vehicle with a driver now!","og_url":"https:\/\/limoquebec.com\/en\/charter-hourly-service\/","og_site_name":"LIMOUSINE QU\u00c9BEC","article_modified_time":"2024-07-08T19:53:18+00:00","twitter_card":"summary_large_image","twitter_misc":{"Est. reading time":"2 minutes"},"schema":{"@context":"https:\/\/schema.org","@graph":[{"@type":"WebPage","@id":"https:\/\/limoquebec.com\/en\/charter-hourly-service\/","url":"https:\/\/limoquebec.com\/en\/charter-hourly-service\/","name":"Chartered or hourly service - Chartered Transportation with Driver","isPartOf":{"@id":"https:\/\/limoquebec.com\/en\/#website"},"datePublished":"2024-04-09T20:00:02+00:00","dateModified":"2024-07-08T19:53:18+00:00","description":"Groupe Limo Qu\u00e9bec offers you a charter or hourly service. Ideal for a day with several stops. Reserve your vehicle with a driver now!","breadcrumb":{"@id":"https:\/\/limoquebec.com\/en\/charter-hourly-service\/#breadcrumb"},"inLanguage":"en-US","potentialAction":[{"@type":"ReadAction","target":["https:\/\/limoquebec.com\/en\/charter-hourly-service\/"]}]},{"@type":"BreadcrumbList","@id":"https:\/\/limoquebec.com\/en\/charter-hourly-service\/#breadcrumb","itemListElement":[{"@type":"ListItem","position":1,"name":"Limousine Qu\u00e9bec","item":"https:\/\/limoquebec.com\/en\/"},{"@type":"ListItem","position":2,"name":"Charter\/hourly service"}]},{"@type":"WebSite","@id":"https:\/\/limoquebec.com\/en\/#website","url":"https:\/\/limoquebec.com\/en\/","name":"LIMOUSINE QU\u00c9BEC","description":"Service de location de limousines \u00e0 Qu\u00e9bec","potentialAction":[{"@type":"SearchAction","target":{"@type":"EntryPoint","urlTemplate":"https:\/\/limoquebec.com\/en\/?s={search_term_string}"},"query-input":{"@type":"PropertyValueSpecification","valueRequired":true,"valueName":"search_term_string"}}],"inLanguage":"en-US"}]}},"_links":{"self":[{"href":"https:\/\/limoquebec.com\/en\/wp-json\/wp\/v2\/pages\/1617","targetHints":{"allow":["GET"]}}],"collection":[{"href":"https:\/\/limoquebec.com\/en\/wp-json\/wp\/v2\/pages"}],"about":[{"href":"https:\/\/limoquebec.com\/en\/wp-json\/wp\/v2\/types\/page"}],"author":[{"embeddable":true,"href":"https:\/\/limoquebec.com\/en\/wp-json\/wp\/v2\/users\/1"}],"replies":[{"embeddable":true,"href":"https:\/\/limoquebec.com\/en\/wp-json\/wp\/v2\/comments?post=1617"}],"version-history":[{"count":5,"href":"https:\/\/limoquebec.com\/en\/wp-json\/wp\/v2\/pages\/1617\/revisions"}],"predecessor-version":[{"id":1783,"href":"https:\/\/limoquebec.com\/en\/wp-json\/wp\/v2\/pages\/1617\/revisions\/1783"}],"wp:attachment":[{"href":"https:\/\/limoquebec.com\/en\/wp-json\/wp\/v2\/media?parent=1617"}],"curies":[{"name":"wp","href":"https:\/\/api.w.org\/{rel}","templated":true}]}}