{"id":1622,"date":"2024-04-09T16:00:24","date_gmt":"2024-04-09T20:00:24","guid":{"rendered":"https:\/\/limoquebec.com\/?page_id=1622"},"modified":"2025-01-16T15:55:18","modified_gmt":"2025-01-16T20:55:18","slug":"guided-tours","status":"publish","type":"page","link":"https:\/\/limoquebec.com\/en\/guided-tours\/","title":{"rendered":"Guided tours"},"content":{"rendered":"<p>[et_pb_section fb_built=&#8221;1&#8243; _builder_version=&#8221;4.24.3&#8243; _module_preset=&#8221;default&#8221; background_image=&#8221;https:\/\/limoquebec.com\/wp-content\/uploads\/2023\/11\/bg-limousine.webp&#8221; custom_padding=&#8221;85px||||false|false&#8221; saved_tabs=&#8221;all&#8221; global_colors_info=&#8221;{}&#8221;][et_pb_row _builder_version=&#8221;4.23.1&#8243; _module_preset=&#8221;default&#8221; global_colors_info=&#8221;{}&#8221;][et_pb_column type=&#8221;4_4&#8243; _builder_version=&#8221;4.23.1&#8243; _module_preset=&#8221;default&#8221; global_colors_info=&#8221;{}&#8221;][et_pb_text _builder_version=&#8221;4.24.3&#8243; _dynamic_attributes=&#8221;content&#8221; _module_preset=&#8221;default&#8221; text_text_color=&#8221;#FFFFFF&#8221; text_font_size=&#8221;13px&#8221; header_font=&#8221;|||on|||||&#8221; header_line_height=&#8221;1.3em&#8221; background_layout=&#8221;dark&#8221; global_colors_info=&#8221;{}&#8221;]@ET-DC@eyJkeW5hbWljIjp0cnVlLCJjb250ZW50IjoicG9zdF90aXRsZSIsInNldHRpbmdzIjp7ImJlZm9yZSI6IjxoMT4iLCJhZnRlciI6IjwvaDE+W3dwc2VvX2JyZWFkY3J1bWJdIn19@[\/et_pb_text][\/et_pb_column][\/et_pb_row][\/et_pb_section][et_pb_section fb_built=&#8221;1&#8243; _builder_version=&#8221;4.23.1&#8243; _module_preset=&#8221;default&#8221; custom_padding=&#8221;50px||50px||true|&#8221; global_colors_info=&#8221;{}&#8221;][et_pb_row column_structure=&#8221;1_2,1_2&#8243; use_custom_gutter=&#8221;on&#8221; gutter_width=&#8221;3&#8243; _builder_version=&#8221;4.24.3&#8243; _module_preset=&#8221;default&#8221; global_colors_info=&#8221;{}&#8221;][et_pb_column type=&#8221;1_2&#8243; _builder_version=&#8221;4.23.1&#8243; _module_preset=&#8221;default&#8221; global_colors_info=&#8221;{}&#8221;][et_pb_blurb image=&#8221;https:\/\/limoquebec.com\/wp-content\/uploads\/2024\/04\/icon-guided-tour-noborder.webp&#8221; icon_placement=&#8221;left&#8221; image_icon_width=&#8221;70px&#8221; content_max_width=&#8221;100%&#8221; _builder_version=&#8221;4.24.3&#8243; _module_preset=&#8221;default&#8221; body_font=&#8221;|||on|||||&#8221; body_text_color=&#8221;#FF6C00&#8243; body_font_size=&#8221;22px&#8221; body_line_height=&#8221;3em&#8221; module_alignment=&#8221;left&#8221; custom_margin=&#8221;||10px||false|false&#8221; custom_padding=&#8221;||0px||false|false&#8221; animation=&#8221;left&#8221; locked=&#8221;off&#8221; global_colors_info=&#8221;{}&#8221;]<\/p>\n<p>Guided tours<\/p>\n<p>[\/et_pb_blurb][et_pb_text _builder_version=&#8221;4.24.3&#8243; _module_preset=&#8221;default&#8221; global_colors_info=&#8221;{}&#8221;]<\/p>\n<h2>Private tours of Quebec City<\/h2>\n<p>Groupe Limo Qu\u00e9bec specializes in private city tours. In fact, we offer our customers fully customizable tours that do not follow a pre-established itinerary. We therefore get off the beaten track and offer our customers a real local tourist experience.<br \/>\n[\/et_pb_text][et_pb_code _builder_version=&#8221;4.27.4&#8243; _module_preset=&#8221;default&#8221; hover_enabled=&#8221;0&#8243; global_colors_info=&#8221;{}&#8221; sticky_enabled=&#8221;0&#8243;]<script type=\"text\/javascript\" src=\"https:\/\/widgets.bokun.io\/assets\/javascripts\/apps\/build\/BokunWidgetsLoader.js?bookingChannelUUID=5284e16e-dd1f-49d6-8b6e-83ff567d195a\" async><\/script><!-- [et_pb_line_break_holder] --><\/p>\n<style> #bokun_8fab03d1_589e_4d63_b124_32dd7d1cda11{cursor: pointer;}<\/style>\n<p><!-- [et_pb_line_break_holder] --><button class=\"bokunButton et_pb_button\" disabled id=bokun_8fab03d1_589e_4d63_b124_32dd7d1cda11 data-src=\"https:\/\/widgets.bokun.io\/online-sales\/5284e16e-dd1f-49d6-8b6e-83ff567d195a\/experience\/207847?partialView=1\" data-testid=\"widget-book-button\" >Book now<\/button> [\/et_pb_code][\/et_pb_column][et_pb_column type=&#8221;1_2&#8243; _builder_version=&#8221;4.23.1&#8243; _module_preset=&#8221;default&#8221; global_colors_info=&#8221;{}&#8221;][et_pb_image src=&#8221;https:\/\/limoquebec.com\/wp-content\/uploads\/2024\/04\/tour-guide-cc.webp&#8221; title_text=&#8221;tour-guide-cc&#8221; _builder_version=&#8221;4.24.3&#8243; _module_preset=&#8221;default&#8221; global_colors_info=&#8221;{}&#8221;][\/et_pb_image][\/et_pb_column][\/et_pb_row][et_pb_row column_structure=&#8221;1_2,1_2&#8243; _builder_version=&#8221;4.25.2&#8243; _module_preset=&#8221;default&#8221; global_colors_info=&#8221;{}&#8221;][et_pb_column type=&#8221;1_2&#8243; _builder_version=&#8221;4.25.2&#8243; _module_preset=&#8221;default&#8221; global_colors_info=&#8221;{}&#8221;][et_pb_image src=&#8221;https:\/\/limoquebec.com\/wp-content\/uploads\/2024\/07\/Visite-en-Limousine-du-Parlement-de-Quebec.webp&#8221; _builder_version=&#8221;4.25.2&#8243; _module_preset=&#8221;default&#8221; global_colors_info=&#8221;{}&#8221;][\/et_pb_image][\/et_pb_column][et_pb_column type=&#8221;1_2&#8243; _builder_version=&#8221;4.25.2&#8243; _module_preset=&#8221;default&#8221; global_colors_info=&#8221;{}&#8221;][et_pb_image src=&#8221;https:\/\/limoquebec.com\/wp-content\/uploads\/2024\/07\/Visite-en-Limousine-de-Chutes-Montmorencywebp.webp&#8221; _builder_version=&#8221;4.25.2&#8243; _module_preset=&#8221;default&#8221; global_colors_info=&#8221;{}&#8221;][\/et_pb_image][\/et_pb_column][\/et_pb_row][et_pb_row _builder_version=&#8221;4.24.3&#8243; _module_preset=&#8221;default&#8221; global_colors_info=&#8221;{}&#8221;][et_pb_column type=&#8221;4_4&#8243; _builder_version=&#8221;4.24.3&#8243; _module_preset=&#8221;default&#8221; global_colors_info=&#8221;{}&#8221;][et_pb_text _builder_version=&#8221;4.24.3&#8243; _module_preset=&#8221;default&#8221; custom_margin=&#8221;||40px||false|false&#8221; custom_padding=&#8221;||||false|false&#8221; global_colors_info=&#8221;{}&#8221;]Our team is made up of no less than 5 tourist guides accredited by the city of Quebec. They have therefore completed rigorous training which allows them to practice the profession of tourist guide. We are extremely fortunate to have such a talented team of tour guides. Our guides know the city and its history inside and out and will be able to give you an unforgettable time.<\/p>\n<p>By opting for a city tour with our team, your guide will meet you around ten minutes before the start of the tour in order to introduce himself and discuss with you your interests and your expectations regarding the tour. For example, if you want to focus on Old Quebec, the Plains of Abraham, as well as Place Royale, it is entirely possible.<br \/>\nIf you would rather discover the more rustic side of the countryside and visit \u00cele d&#8217;Orl\u00e9ans and C\u00f4te-de-Beaupr\u00e9, that&#8217;s entirely possible too!<\/p>\n<p>Please note that you can always contact one of our sales agents before your guided tour to tell us about your specific requests. Otherwise, know that the guide will adapt the tour according to your discussion with him\/her on the day.<\/p>\n<p>One of the many advantages of treating yourself to a private city tour is that you will never be pressed for time as can be the case on bus tours where you have to get back on the bus in 15 minutes per day. example. The beauty of our tours is that you will have a magical, stress-free time discovering Qu\u00e9bec at your own pace!<\/p>\n<p>We offer our city tour services in French, English and Spanish.<\/p>\n<p>Most people book our guided tour services for 4 hours (half a day). This allows you to discover Old Quebec, the Plains of Abraham, Place Royale, Montmorency Falls (entrance fee $) and even part of \u00cele d&#8217;Orl\u00e9ans.<\/p>\n<p>Book your guided tour now!<br \/>\n[\/et_pb_text][et_pb_button button_url=&#8221;@ET-DC@eyJkeW5hbWljIjp0cnVlLCJjb250ZW50IjoicG9zdF9saW5rX3VybF9wYWdlIiwic2V0dGluZ3MiOnsicG9zdF9pZCI6IjEzMzUifX0=@&#8221; button_text=&#8221;Rate request&#8221; _builder_version=&#8221;4.24.3&#8243; _dynamic_attributes=&#8221;button_url&#8221; _module_preset=&#8221;default&#8221; saved_tabs=&#8221;all&#8221; global_colors_info=&#8221;{}&#8221;][\/et_pb_button][\/et_pb_column][\/et_pb_row][\/et_pb_section]<\/p>\n","protected":false},"excerpt":{"rendered":"<p>Guided toursPrivate tours of Quebec City Groupe Limo Qu\u00e9bec specializes in private city tours. In fact, we offer our customers fully customizable tours that do not follow a pre-established itinerary. We therefore get off the beaten track and offer our customers a real local tourist experience. Our team is made up of no less than [&hellip;]<\/p>\n","protected":false},"author":1,"featured_media":0,"parent":0,"menu_order":80,"comment_status":"closed","ping_status":"closed","template":"","meta":{"_et_pb_use_builder":"on","_et_pb_old_content":"<p>[et_pb_section fb_built=\"1\" _builder_version=\"4.24.3\" _module_preset=\"default\" background_image=\"https:\/\/limoquebec.com\/wp-content\/uploads\/2023\/11\/bg-limousine.webp\" custom_padding=\"85px||||false|false\" global_module=\"1137\" saved_tabs=\"all\" global_colors_info=\"{}\"][et_pb_row _builder_version=\"4.23.1\" _module_preset=\"default\" global_colors_info=\"{}\"][et_pb_column type=\"4_4\" _builder_version=\"4.23.1\" _module_preset=\"default\" global_colors_info=\"{}\"][et_pb_text _builder_version=\"4.24.3\" _dynamic_attributes=\"content\" _module_preset=\"default\" text_text_color=\"#FFFFFF\" text_font_size=\"13px\" header_font=\"|||on|||||\" header_line_height=\"1.3em\" background_layout=\"dark\" global_colors_info=\"{}\"]@ET-DC@eyJkeW5hbWljIjp0cnVlLCJjb250ZW50IjoicG9zdF90aXRsZSIsInNldHRpbmdzIjp7ImJlZm9yZSI6IjxoMT4iLCJhZnRlciI6IjwvaDE+W3dwc2VvX2JyZWFkY3J1bWJdIn19@[\/et_pb_text][\/et_pb_column][\/et_pb_row][\/et_pb_section][et_pb_section fb_built=\"1\" _builder_version=\"4.23.1\" _module_preset=\"default\" custom_padding=\"50px||50px||true|\" global_colors_info=\"{}\"][et_pb_row column_structure=\"1_2,1_2\" use_custom_gutter=\"on\" gutter_width=\"3\" _builder_version=\"4.24.3\" _module_preset=\"default\" global_colors_info=\"{}\"][et_pb_column type=\"1_2\" _builder_version=\"4.23.1\" _module_preset=\"default\" global_colors_info=\"{}\"][et_pb_blurb image=\"https:\/\/limoquebec.com\/wp-content\/uploads\/2024\/04\/icon-guided-tour-noborder.webp\" alt=\"\" icon_placement=\"left\" image_icon_width=\"70px\" content_max_width=\"100%\" _builder_version=\"4.24.3\" _module_preset=\"default\" body_font=\"|||on|||||\" body_text_color=\"#FF6C00\" body_font_size=\"22px\" body_line_height=\"3em\" module_alignment=\"left\" custom_margin=\"||10px||false|false\" custom_padding=\"||0px||false|false\" animation=\"left\" locked=\"off\" global_colors_info=\"{}\"]<\/p><p>Guided tours<\/p><p>[\/et_pb_blurb][et_pb_text _builder_version=\"4.24.3\" _module_preset=\"default\" global_colors_info=\"{}\"]<\/p><h2>Private tours of Quebec City<\/h2><p>Groupe Limo Qu\u00e9bec specializes in private city tours. In fact, we offer our customers fully customizable tours that do not follow a pre-established itinerary. We therefore get off the beaten track and offer our customers a real local tourist experience.<\/p><p>[\/et_pb_text][\/et_pb_column][et_pb_column type=\"1_2\" _builder_version=\"4.23.1\" _module_preset=\"default\" global_colors_info=\"{}\"][et_pb_image src=\"https:\/\/limoquebec.com\/wp-content\/uploads\/2024\/04\/tour-guide-cc.webp\" title_text=\"tour-guide-cc\" _builder_version=\"4.24.3\" _module_preset=\"default\" global_colors_info=\"{}\"][\/et_pb_image][\/et_pb_column][\/et_pb_row][et_pb_row _builder_version=\"4.24.3\" _module_preset=\"default\" global_colors_info=\"{}\"][et_pb_column type=\"4_4\" _builder_version=\"4.24.3\" _module_preset=\"default\" global_colors_info=\"{}\"][et_pb_text _builder_version=\"4.24.3\" _module_preset=\"default\" custom_padding=\"||||false|false\" hover_enabled=\"0\" global_colors_info=\"{}\" sticky_enabled=\"0\" custom_margin=\"||40px||false|false\"]<\/p><p>Our team is made up of no less than 5 tourist guides accredited by the city of Quebec. They have therefore completed rigorous training which allows them to practice the profession of tourist guide. We are extremely fortunate to have such a talented team of tour guides. Our guides know the city and its history inside and out and will be able to give you an unforgettable time.<\/p><p>By opting for a city tour with our team, your guide will meet you around ten minutes before the start of the tour in order to introduce himself and discuss with you your interests and your expectations regarding the tour. For example, if you want to focus on Old Quebec, the Plains of Abraham, as well as Place Royale, it is entirely possible.<br \/>If you would rather discover the more rustic side of the countryside and visit \u00cele d'Orl\u00e9ans and C\u00f4te-de-Beaupr\u00e9, that's entirely possible too!<\/p><p>Please note that you can always contact one of our sales agents before your guided tour to tell us about your specific requests. Otherwise, know that the guide will adapt the tour according to your discussion with him\/her on the day.<\/p><p>One of the many advantages of treating yourself to a private city tour is that you will never be pressed for time as can be the case on bus tours where you have to get back on the bus in 15 minutes per day. example. The beauty of our tours is that you will have a magical, stress-free time discovering Qu\u00e9bec at your own pace!<\/p><p>We offer our city tour services in French, English and Spanish.<\/p><p>Most people book our guided tour services for 4 hours (half a day). This allows you to discover Old Quebec, the Plains of Abraham, Place Royale, Montmorency Falls (entrance fee $) and even part of \u00cele d'Orl\u00e9ans.<\/p><p>Book your guided tour now!<\/p><p>[\/et_pb_text][et_pb_button button_url=\"@ET-DC@eyJkeW5hbWljIjp0cnVlLCJjb250ZW50IjoicG9zdF9saW5rX3VybF9wYWdlIiwic2V0dGluZ3MiOnsicG9zdF9pZCI6IjEzMzUifX0=@\" button_text=\"Rate request\" _builder_version=\"4.24.3\" _dynamic_attributes=\"button_url\" _module_preset=\"default\" global_module=\"1368\" saved_tabs=\"all\" global_colors_info=\"{}\"][\/et_pb_button][\/et_pb_column][\/et_pb_row][\/et_pb_section]<\/p>","_et_gb_content_width":"","footnotes":""},"class_list":["post-1622","page","type-page","status-publish","hentry"],"yoast_head":"<!-- This site is optimized with the Yoast SEO plugin v27.3 - https:\/\/yoast.com\/product\/yoast-seo-wordpress\/ -->\n<title>LIMO GUIDED TOUR - Limo Touristic Visit in Quebec City<\/title>\n<meta name=\"description\" content=\"Discover Quebec City in a limousine. Enjoy a private limo guided tour with a bilingual driver who will show you the most beautiful tourist places.\" \/>\n<meta name=\"robots\" content=\"index, follow, max-snippet:-1, max-image-preview:large, max-video-preview:-1\" \/>\n<link rel=\"canonical\" href=\"https:\/\/limoquebec.com\/en\/guided-tours\/\" \/>\n<meta property=\"og:locale\" content=\"en_US\" \/>\n<meta property=\"og:type\" content=\"article\" \/>\n<meta property=\"og:title\" content=\"LIMO GUIDED TOUR - Limo Touristic Visit in Quebec City\" \/>\n<meta property=\"og:description\" content=\"Discover Quebec City in a limousine. Enjoy a private limo guided tour with a bilingual driver who will show you the most beautiful tourist places.\" \/>\n<meta property=\"og:url\" content=\"https:\/\/limoquebec.com\/en\/guided-tours\/\" \/>\n<meta property=\"og:site_name\" content=\"LIMOUSINE QU\u00c9BEC\" \/>\n<meta property=\"article:modified_time\" content=\"2025-01-16T20:55:18+00:00\" \/>\n<meta name=\"twitter:card\" content=\"summary_large_image\" \/>\n<meta name=\"twitter:label1\" content=\"Est. reading time\" \/>\n\t<meta name=\"twitter:data1\" content=\"3 minutes\" \/>\n<script type=\"application\/ld+json\" class=\"yoast-schema-graph\">{\"@context\":\"https:\\\/\\\/schema.org\",\"@graph\":[{\"@type\":\"WebPage\",\"@id\":\"https:\\\/\\\/limoquebec.com\\\/en\\\/guided-tours\\\/\",\"url\":\"https:\\\/\\\/limoquebec.com\\\/en\\\/guided-tours\\\/\",\"name\":\"LIMO GUIDED TOUR - Limo Touristic Visit in Quebec City\",\"isPartOf\":{\"@id\":\"https:\\\/\\\/limoquebec.com\\\/en\\\/#website\"},\"datePublished\":\"2024-04-09T20:00:24+00:00\",\"dateModified\":\"2025-01-16T20:55:18+00:00\",\"description\":\"Discover Quebec City in a limousine. Enjoy a private limo guided tour with a bilingual driver who will show you the most beautiful tourist places.\",\"breadcrumb\":{\"@id\":\"https:\\\/\\\/limoquebec.com\\\/en\\\/guided-tours\\\/#breadcrumb\"},\"inLanguage\":\"en-US\",\"potentialAction\":[{\"@type\":\"ReadAction\",\"target\":[\"https:\\\/\\\/limoquebec.com\\\/en\\\/guided-tours\\\/\"]}]},{\"@type\":\"BreadcrumbList\",\"@id\":\"https:\\\/\\\/limoquebec.com\\\/en\\\/guided-tours\\\/#breadcrumb\",\"itemListElement\":[{\"@type\":\"ListItem\",\"position\":1,\"name\":\"Limousine Qu\u00e9bec\",\"item\":\"https:\\\/\\\/limoquebec.com\\\/en\\\/\"},{\"@type\":\"ListItem\",\"position\":2,\"name\":\"Guided tours\"}]},{\"@type\":\"WebSite\",\"@id\":\"https:\\\/\\\/limoquebec.com\\\/en\\\/#website\",\"url\":\"https:\\\/\\\/limoquebec.com\\\/en\\\/\",\"name\":\"LIMOUSINE QU\u00c9BEC\",\"description\":\"Service de location de limousines \u00e0 Qu\u00e9bec\",\"potentialAction\":[{\"@type\":\"SearchAction\",\"target\":{\"@type\":\"EntryPoint\",\"urlTemplate\":\"https:\\\/\\\/limoquebec.com\\\/en\\\/?s={search_term_string}\"},\"query-input\":{\"@type\":\"PropertyValueSpecification\",\"valueRequired\":true,\"valueName\":\"search_term_string\"}}],\"inLanguage\":\"en-US\"}]}<\/script>\n<!-- \/ Yoast SEO plugin. -->","yoast_head_json":{"title":"LIMO GUIDED TOUR - Limo Touristic Visit in Quebec City","description":"Discover Quebec City in a limousine. Enjoy a private limo guided tour with a bilingual driver who will show you the most beautiful tourist places.","robots":{"index":"index","follow":"follow","max-snippet":"max-snippet:-1","max-image-preview":"max-image-preview:large","max-video-preview":"max-video-preview:-1"},"canonical":"https:\/\/limoquebec.com\/en\/guided-tours\/","og_locale":"en_US","og_type":"article","og_title":"LIMO GUIDED TOUR - Limo Touristic Visit in Quebec City","og_description":"Discover Quebec City in a limousine. Enjoy a private limo guided tour with a bilingual driver who will show you the most beautiful tourist places.","og_url":"https:\/\/limoquebec.com\/en\/guided-tours\/","og_site_name":"LIMOUSINE QU\u00c9BEC","article_modified_time":"2025-01-16T20:55:18+00:00","twitter_card":"summary_large_image","twitter_misc":{"Est. reading time":"3 minutes"},"schema":{"@context":"https:\/\/schema.org","@graph":[{"@type":"WebPage","@id":"https:\/\/limoquebec.com\/en\/guided-tours\/","url":"https:\/\/limoquebec.com\/en\/guided-tours\/","name":"LIMO GUIDED TOUR - Limo Touristic Visit in Quebec City","isPartOf":{"@id":"https:\/\/limoquebec.com\/en\/#website"},"datePublished":"2024-04-09T20:00:24+00:00","dateModified":"2025-01-16T20:55:18+00:00","description":"Discover Quebec City in a limousine. Enjoy a private limo guided tour with a bilingual driver who will show you the most beautiful tourist places.","breadcrumb":{"@id":"https:\/\/limoquebec.com\/en\/guided-tours\/#breadcrumb"},"inLanguage":"en-US","potentialAction":[{"@type":"ReadAction","target":["https:\/\/limoquebec.com\/en\/guided-tours\/"]}]},{"@type":"BreadcrumbList","@id":"https:\/\/limoquebec.com\/en\/guided-tours\/#breadcrumb","itemListElement":[{"@type":"ListItem","position":1,"name":"Limousine Qu\u00e9bec","item":"https:\/\/limoquebec.com\/en\/"},{"@type":"ListItem","position":2,"name":"Guided tours"}]},{"@type":"WebSite","@id":"https:\/\/limoquebec.com\/en\/#website","url":"https:\/\/limoquebec.com\/en\/","name":"LIMOUSINE QU\u00c9BEC","description":"Service de location de limousines \u00e0 Qu\u00e9bec","potentialAction":[{"@type":"SearchAction","target":{"@type":"EntryPoint","urlTemplate":"https:\/\/limoquebec.com\/en\/?s={search_term_string}"},"query-input":{"@type":"PropertyValueSpecification","valueRequired":true,"valueName":"search_term_string"}}],"inLanguage":"en-US"}]}},"_links":{"self":[{"href":"https:\/\/limoquebec.com\/en\/wp-json\/wp\/v2\/pages\/1622","targetHints":{"allow":["GET"]}}],"collection":[{"href":"https:\/\/limoquebec.com\/en\/wp-json\/wp\/v2\/pages"}],"about":[{"href":"https:\/\/limoquebec.com\/en\/wp-json\/wp\/v2\/types\/page"}],"author":[{"embeddable":true,"href":"https:\/\/limoquebec.com\/en\/wp-json\/wp\/v2\/users\/1"}],"replies":[{"embeddable":true,"href":"https:\/\/limoquebec.com\/en\/wp-json\/wp\/v2\/comments?post=1622"}],"version-history":[{"count":7,"href":"https:\/\/limoquebec.com\/en\/wp-json\/wp\/v2\/pages\/1622\/revisions"}],"predecessor-version":[{"id":1857,"href":"https:\/\/limoquebec.com\/en\/wp-json\/wp\/v2\/pages\/1622\/revisions\/1857"}],"wp:attachment":[{"href":"https:\/\/limoquebec.com\/en\/wp-json\/wp\/v2\/media?parent=1622"}],"curies":[{"name":"wp","href":"https:\/\/api.w.org\/{rel}","templated":true}]}}